{"id":86,"date":"2019-01-23T13:24:06","date_gmt":"2019-01-23T13:24:06","guid":{"rendered":"https:\/\/pink-ant-555455.hostingersite.com\/producto\/aluminum-plant\/"},"modified":"2026-02-06T20:45:21","modified_gmt":"2026-02-06T20:45:21","slug":"geiser-del-tatio","status":"publish","type":"product","link":"https:\/\/cumbres6000.cl\/pt\/product\/geiser-del-tatio\/","title":{"rendered":"G\u00e9iser del Tatio"},"content":{"rendered":"<p>Salida desde su hotel en direcci\u00f3n norte a 100 Km y a una altura de 4.250 msnm, donde se encuentra el campo geot\u00e9rmico G\u00e9iser del Tatio que forman una serie de fumarolas que despiden agua y vapor de origen volc\u00e1nico con un periodo c\u00edclico. Se hace un recorrido por el campo geot\u00e9rmico para poder admirar el espect\u00e1culo en su expresi\u00f3n m\u00e1xima. M\u00e1s tarde tomamos desayuno, y luego disfrutamos de un c\u00e1lido ba\u00f1o en la piscina termal del campo geot\u00e9rmico. Retornamos a San Pedro de Atacama pasando por el pueblo de Machuca ubicado a 45 Km. de San pedro de Atacama, y disfrutando de la flora y fauna de la zona (Vicu\u00f1as, Guayatas, Taguas cornudas, pato Juarjual, etc.) y comidas t\u00edpicas. Retornando a San Pedro al medio d\u00eda.<\/p>","protected":false},"excerpt":{"rendered":"<p class=\"translation-block\">HOR\u00c1RIO DE VER\u00c3O: 4h \u00e0s 12h<br>\nHOR\u00c1RIO DE INVERNO: 5h \u00e0s 12h<br>\nO QUE LEVAR: Roupas quentes, \u00e1gua, \u00f3culos de sol. Caf\u00e9 da manh\u00e3 incluso.<br>\nALTITUDE: 4.250 metros acima do n\u00edvel do mar<br>\nTAXA DE ENTRADA: 15.000 COP por pessoa<br>\nCAF\u00c9 DA MANH\u00c3 INCLUSO<\/p>","protected":false},"featured_media":1098,"comment_status":"open","ping_status":"closed","template":"","meta":{"_uag_custom_page_level_css":"","site-sidebar-layout":"default","site-content-layout":"default","ast-site-content-layout":"default","site-content-style":"default","site-sidebar-style":"default","ast-global-header-display":"","ast-banner-title-visibility":"","ast-main-header-display":"","ast-hfb-above-header-display":"","ast-hfb-below-header-display":"","ast-hfb-mobile-header-display":"","site-post-title":"","ast-breadcrumbs-content":"","ast-featured-img":"","footer-sml-layout":"","ast-disable-related-posts":"","theme-transparent-header-meta":"default","adv-header-id-meta":"","stick-header-meta":"default","header-above-stick-meta":"","header-main-stick-meta":"","header-below-stick-meta":"","astra-migrate-meta-layouts":"set","ast-page-background-enabled":"default","ast-page-background-meta":{"desktop":{"background-color":"","background-image":"","background-repeat":"repeat","background-position":"center center","background-size":"auto","background-attachment":"scroll","background-type":"","background-media":"","overlay-type":"","overlay-color":"","overlay-opacity":"","overlay-gradient":""},"tablet":{"background-color":"","background-image":"","background-repeat":"repeat","background-position":"center center","background-size":"auto","background-attachment":"scroll","background-type":"","background-media":"","overlay-type":"","overlay-color":"","overlay-opacity":"","overlay-gradient":""},"mobile":{"background-color":"","background-image":"","background-repeat":"repeat","background-position":"center center","background-size":"auto","background-attachment":"scroll","background-type":"","background-media":"","overlay-type":"","overlay-color":"","overlay-opacity":"","overlay-gradient":""}},"ast-content-background-meta":{"desktop":{"background-color":"var(--ast-global-color-5)","background-image":"","background-repeat":"repeat","background-position":"center center","background-size":"auto","background-attachment":"scroll","background-type":"","background-media":"","overlay-type":"","overlay-color":"","overlay-opacity":"","overlay-gradient":""},"tablet":{"background-color":"var(--ast-global-color-5)","background-image":"","background-repeat":"repeat","background-position":"center center","background-size":"auto","background-attachment":"scroll","background-type":"","background-media":"","overlay-type":"","overlay-color":"","overlay-opacity":"","overlay-gradient":""},"mobile":{"background-color":"var(--ast-global-color-5)","background-image":"","background-repeat":"repeat","background-position":"center center","background-size":"auto","background-attachment":"scroll","background-type":"","background-media":"","overlay-type":"","overlay-color":"","overlay-opacity":"","overlay-gradient":""}},"_joinchat":[]},"product_brand":[],"product_cat":[26,49],"product_tag":[],"class_list":{"0":"post-86","1":"product","2":"type-product","3":"status-publish","4":"has-post-thumbnail","6":"product_cat-tours","7":"product_cat-tours-norte","8":"desktop-align-left","9":"tablet-align-left","10":"mobile-align-left","11":"ast-product-gallery-layout-horizontal-slider","13":"first","14":"instock","15":"virtual","16":"purchasable","17":"product-type-simple"},"uagb_featured_image_src":{"full":["https:\/\/cumbres6000.cl\/wp-content\/uploads\/2019\/01\/15.webp",1080,1350,false],"thumbnail":["https:\/\/cumbres6000.cl\/wp-content\/uploads\/2019\/01\/15-150x150.webp",150,150,true],"medium":["https:\/\/cumbres6000.cl\/wp-content\/uploads\/2019\/01\/15-240x300.webp",240,300,true],"medium_large":["https:\/\/cumbres6000.cl\/wp-content\/uploads\/2019\/01\/15-768x960.webp",768,960,true],"large":["https:\/\/cumbres6000.cl\/wp-content\/uploads\/2019\/01\/15-819x1024.webp",819,1024,true],"1536x1536":["https:\/\/cumbres6000.cl\/wp-content\/uploads\/2019\/01\/15.webp",1080,1350,false],"2048x2048":["https:\/\/cumbres6000.cl\/wp-content\/uploads\/2019\/01\/15.webp",1080,1350,false],"trp-custom-language-flag":["https:\/\/cumbres6000.cl\/wp-content\/uploads\/2019\/01\/15.webp",10,12,false],"woocommerce_thumbnail":["https:\/\/cumbres6000.cl\/wp-content\/uploads\/2019\/01\/15-300x300.webp",300,300,true],"woocommerce_single":["https:\/\/cumbres6000.cl\/wp-content\/uploads\/2019\/01\/15-600x750.webp",600,750,true],"woocommerce_gallery_thumbnail":["https:\/\/cumbres6000.cl\/wp-content\/uploads\/2019\/01\/15-100x100.webp",100,100,true],"dgwt-wcas-product-suggestion":["https:\/\/cumbres6000.cl\/wp-content\/uploads\/2019\/01\/15.webp",64,80,false]},"uagb_author_info":{"display_name":"CumbresAdmin","author_link":"https:\/\/cumbres6000.cl\/pt\/author\/"},"uagb_comment_info":0,"uagb_excerpt":"HORARIO VERANO : 04:00 hrs. \u2013 12 pm. HORARIO INVIERNO : 05:00 hrs \u2013 12 pm. DATOS \u00a0 : Ropa muy abrigada, agua, lentes de sol. Incluye desayuno. ALTURA \u00a0: 4.250 msnm ENTRADA :$15.000 pp. INCLUYE DESAYUNO","_links":{"self":[{"href":"https:\/\/cumbres6000.cl\/pt\/wp-json\/wp\/v2\/product\/86","targetHints":{"allow":["GET"]}}],"collection":[{"href":"https:\/\/cumbres6000.cl\/pt\/wp-json\/wp\/v2\/product"}],"about":[{"href":"https:\/\/cumbres6000.cl\/pt\/wp-json\/wp\/v2\/types\/product"}],"replies":[{"embeddable":true,"href":"https:\/\/cumbres6000.cl\/pt\/wp-json\/wp\/v2\/comments?post=86"}],"wp:featuredmedia":[{"embeddable":true,"href":"https:\/\/cumbres6000.cl\/pt\/wp-json\/wp\/v2\/media\/1098"}],"wp:attachment":[{"href":"https:\/\/cumbres6000.cl\/pt\/wp-json\/wp\/v2\/media?parent=86"}],"wp:term":[{"taxonomy":"product_brand","embeddable":true,"href":"https:\/\/cumbres6000.cl\/pt\/wp-json\/wp\/v2\/product_brand?post=86"},{"taxonomy":"product_cat","embeddable":true,"href":"https:\/\/cumbres6000.cl\/pt\/wp-json\/wp\/v2\/product_cat?post=86"},{"taxonomy":"product_tag","embeddable":true,"href":"https:\/\/cumbres6000.cl\/pt\/wp-json\/wp\/v2\/product_tag?post=86"}],"curies":[{"name":"wp","href":"https:\/\/api.w.org\/{rel}","templated":true}]}}