{"id":84,"date":"2019-01-23T13:20:21","date_gmt":"2019-01-23T13:20:21","guid":{"rendered":"https:\/\/pink-ant-555455.hostingersite.com\/producto\/green-soil-lotus\/"},"modified":"2026-02-06T20:45:42","modified_gmt":"2026-02-06T20:45:42","slug":"termas-de-puritama","status":"publish","type":"product","link":"https:\/\/cumbres6000.cl\/pt\/product\/termas-de-puritama\/","title":{"rendered":"Termas de Puritama"},"content":{"rendered":"","protected":false},"excerpt":{"rendered":"<p class=\"translation-block\">Hor\u00e1rio: Manh\u00e3 8:30 \u2013 12:30<br>\nTarde 13:30 \u2013 17:30<br>\nInclui: transporte compartilhado e entrada para as fontes termais.<\/p>\n<p>Desfrute de um banho relaxante nas \u00e1guas naturais do rio Puritama. Suas piscinas, aninhadas nas montanhas e rodeadas por vegeta\u00e7\u00e3o local, como rabo-de-raposa, t\u00eam uma temperatura entre 28 e 32 \u00b0C, oferecendo a voc\u00ea a experi\u00eancia de relaxamento definitiva.<\/p>","protected":false},"featured_media":1103,"comment_status":"open","ping_status":"closed","template":"","meta":{"_uag_custom_page_level_css":"","site-sidebar-layout":"default","site-content-layout":"default","ast-site-content-layout":"default","site-content-style":"default","site-sidebar-style":"default","ast-global-header-display":"","ast-banner-title-visibility":"","ast-main-header-display":"","ast-hfb-above-header-display":"","ast-hfb-below-header-display":"","ast-hfb-mobile-header-display":"","site-post-title":"","ast-breadcrumbs-content":"","ast-featured-img":"","footer-sml-layout":"","ast-disable-related-posts":"","theme-transparent-header-meta":"default","adv-header-id-meta":"","stick-header-meta":"default","header-above-stick-meta":"","header-main-stick-meta":"","header-below-stick-meta":"","astra-migrate-meta-layouts":"set","ast-page-background-enabled":"default","ast-page-background-meta":{"desktop":{"background-color":"","background-image":"","background-repeat":"repeat","background-position":"center center","background-size":"auto","background-attachment":"scroll","background-type":"","background-media":"","overlay-type":"","overlay-color":"","overlay-opacity":"","overlay-gradient":""},"tablet":{"background-color":"","background-image":"","background-repeat":"repeat","background-position":"center center","background-size":"auto","background-attachment":"scroll","background-type":"","background-media":"","overlay-type":"","overlay-color":"","overlay-opacity":"","overlay-gradient":""},"mobile":{"background-color":"","background-image":"","background-repeat":"repeat","background-position":"center center","background-size":"auto","background-attachment":"scroll","background-type":"","background-media":"","overlay-type":"","overlay-color":"","overlay-opacity":"","overlay-gradient":""}},"ast-content-background-meta":{"desktop":{"background-color":"var(--ast-global-color-5)","background-image":"","background-repeat":"repeat","background-position":"center center","background-size":"auto","background-attachment":"scroll","background-type":"","background-media":"","overlay-type":"","overlay-color":"","overlay-opacity":"","overlay-gradient":""},"tablet":{"background-color":"var(--ast-global-color-5)","background-image":"","background-repeat":"repeat","background-position":"center center","background-size":"auto","background-attachment":"scroll","background-type":"","background-media":"","overlay-type":"","overlay-color":"","overlay-opacity":"","overlay-gradient":""},"mobile":{"background-color":"var(--ast-global-color-5)","background-image":"","background-repeat":"repeat","background-position":"center center","background-size":"auto","background-attachment":"scroll","background-type":"","background-media":"","overlay-type":"","overlay-color":"","overlay-opacity":"","overlay-gradient":""}},"_joinchat":[]},"product_brand":[],"product_cat":[26,49],"product_tag":[],"class_list":{"0":"post-84","1":"product","2":"type-product","3":"status-publish","4":"has-post-thumbnail","6":"product_cat-tours","7":"product_cat-tours-norte","8":"desktop-align-left","9":"tablet-align-left","10":"mobile-align-left","11":"ast-product-gallery-layout-horizontal-slider","12":"ast-product-gallery-with-no-image","14":"first","15":"instock","16":"featured","17":"virtual","18":"purchasable","19":"product-type-simple"},"uagb_featured_image_src":{"full":["https:\/\/cumbres6000.cl\/wp-content\/uploads\/2019\/01\/12.webp",1080,1350,false],"thumbnail":["https:\/\/cumbres6000.cl\/wp-content\/uploads\/2019\/01\/12-150x150.webp",150,150,true],"medium":["https:\/\/cumbres6000.cl\/wp-content\/uploads\/2019\/01\/12-240x300.webp",240,300,true],"medium_large":["https:\/\/cumbres6000.cl\/wp-content\/uploads\/2019\/01\/12-768x960.webp",768,960,true],"large":["https:\/\/cumbres6000.cl\/wp-content\/uploads\/2019\/01\/12-819x1024.webp",819,1024,true],"1536x1536":["https:\/\/cumbres6000.cl\/wp-content\/uploads\/2019\/01\/12.webp",1080,1350,false],"2048x2048":["https:\/\/cumbres6000.cl\/wp-content\/uploads\/2019\/01\/12.webp",1080,1350,false],"trp-custom-language-flag":["https:\/\/cumbres6000.cl\/wp-content\/uploads\/2019\/01\/12.webp",10,12,false],"woocommerce_thumbnail":["https:\/\/cumbres6000.cl\/wp-content\/uploads\/2019\/01\/12-300x300.webp",300,300,true],"woocommerce_single":["https:\/\/cumbres6000.cl\/wp-content\/uploads\/2019\/01\/12-600x750.webp",600,750,true],"woocommerce_gallery_thumbnail":["https:\/\/cumbres6000.cl\/wp-content\/uploads\/2019\/01\/12-100x100.webp",100,100,true],"dgwt-wcas-product-suggestion":["https:\/\/cumbres6000.cl\/wp-content\/uploads\/2019\/01\/12.webp",64,80,false]},"uagb_author_info":{"display_name":"CumbresAdmin","author_link":"https:\/\/cumbres6000.cl\/pt\/author\/"},"uagb_comment_info":0,"uagb_excerpt":"Horario: AM 8:30 \u2013 12:30 PM 13:30 \u2013 17:30 Incluye: transporte compartido y entrada a las termas. Disfruta un ba\u00f1o relajante en las agua naturales del rio Puritama. Sus pozos en medio de la cordillera rodeadas de vegetaci\u00f3n local como colas de zorro, tienen una temperatura entre 28 y 32\u00b0C que te dar\u00e1n una experiencia&hellip;","_links":{"self":[{"href":"https:\/\/cumbres6000.cl\/pt\/wp-json\/wp\/v2\/product\/84","targetHints":{"allow":["GET"]}}],"collection":[{"href":"https:\/\/cumbres6000.cl\/pt\/wp-json\/wp\/v2\/product"}],"about":[{"href":"https:\/\/cumbres6000.cl\/pt\/wp-json\/wp\/v2\/types\/product"}],"replies":[{"embeddable":true,"href":"https:\/\/cumbres6000.cl\/pt\/wp-json\/wp\/v2\/comments?post=84"}],"wp:featuredmedia":[{"embeddable":true,"href":"https:\/\/cumbres6000.cl\/pt\/wp-json\/wp\/v2\/media\/1103"}],"wp:attachment":[{"href":"https:\/\/cumbres6000.cl\/pt\/wp-json\/wp\/v2\/media?parent=84"}],"wp:term":[{"taxonomy":"product_brand","embeddable":true,"href":"https:\/\/cumbres6000.cl\/pt\/wp-json\/wp\/v2\/product_brand?post=84"},{"taxonomy":"product_cat","embeddable":true,"href":"https:\/\/cumbres6000.cl\/pt\/wp-json\/wp\/v2\/product_cat?post=84"},{"taxonomy":"product_tag","embeddable":true,"href":"https:\/\/cumbres6000.cl\/pt\/wp-json\/wp\/v2\/product_tag?post=84"}],"curies":[{"name":"wp","href":"https:\/\/api.w.org\/{rel}","templated":true}]}}