{"id":76,"date":"2019-01-23T10:58:34","date_gmt":"2019-01-23T10:58:34","guid":{"rendered":"https:\/\/pink-ant-555455.hostingersite.com\/producto\/mini-san-pedro-cactus\/"},"modified":"2026-02-06T20:46:34","modified_gmt":"2026-02-06T20:46:34","slug":"piedras-rojas","status":"publish","type":"product","link":"https:\/\/cumbres6000.cl\/pt\/product\/piedras-rojas\/","title":{"rendered":"Piedras Rojas"},"content":{"rendered":"","protected":false},"excerpt":{"rendered":"<p class=\"translation-block\">HOR\u00c1RIO: 7h \u00e0s 18h<br>\nDETALHES: Roupas quentes, \u00e1gua, \u00f3culos de sol e almo\u00e7o est\u00e3o inclu\u00eddos.<br>\nALTITUDE: 4.200 metros acima do n\u00edvel do mar<br>\nTAXA DE ENTRADA: $23.000 CLP<br>\nPartiremos em dire\u00e7\u00e3o ao sul pela Rota 23, onde tomaremos o caf\u00e9 da manh\u00e3 antes de iniciarmos nosso passeio pelo Tr\u00f3pico de Capric\u00f3rnio. Em seguida, visitaremos as Rochas Vermelhas na Lagoa de \u00c1guas Calientes, onde faremos uma caminhada de aproximadamente 2 horas para observar as forma\u00e7\u00f5es e cores das lagoas.<br>\nNo caminho de volta, passaremos pelas Lagoas de Miscanti e Me\u00f1iques, onde tamb\u00e9m poderemos caminhar ao longo da lagoa para observar a flora e a fauna.<br>\nDepois, continuaremos pela estrada at\u00e9 o cora\u00e7\u00e3o do Salar de Atacama, at\u00e9 a Lagoa de Chaxa, onde poderemos observar flamingos.<br>\nO almo\u00e7o ser\u00e1 servido em Toconao ou San Pedro, em um restaurante, dependendo do n\u00famero de pessoas em Toconao.<\/p>","protected":false},"featured_media":1128,"comment_status":"open","ping_status":"closed","template":"","meta":{"_uag_custom_page_level_css":"","site-sidebar-layout":"default","site-content-layout":"default","ast-site-content-layout":"default","site-content-style":"default","site-sidebar-style":"default","ast-global-header-display":"","ast-banner-title-visibility":"","ast-main-header-display":"","ast-hfb-above-header-display":"","ast-hfb-below-header-display":"","ast-hfb-mobile-header-display":"","site-post-title":"","ast-breadcrumbs-content":"","ast-featured-img":"","footer-sml-layout":"","ast-disable-related-posts":"","theme-transparent-header-meta":"default","adv-header-id-meta":"","stick-header-meta":"default","header-above-stick-meta":"","header-main-stick-meta":"","header-below-stick-meta":"","astra-migrate-meta-layouts":"set","ast-page-background-enabled":"default","ast-page-background-meta":{"desktop":{"background-color":"","background-image":"","background-repeat":"repeat","background-position":"center center","background-size":"auto","background-attachment":"scroll","background-type":"","background-media":"","overlay-type":"","overlay-color":"","overlay-opacity":"","overlay-gradient":""},"tablet":{"background-color":"","background-image":"","background-repeat":"repeat","background-position":"center center","background-size":"auto","background-attachment":"scroll","background-type":"","background-media":"","overlay-type":"","overlay-color":"","overlay-opacity":"","overlay-gradient":""},"mobile":{"background-color":"","background-image":"","background-repeat":"repeat","background-position":"center center","background-size":"auto","background-attachment":"scroll","background-type":"","background-media":"","overlay-type":"","overlay-color":"","overlay-opacity":"","overlay-gradient":""}},"ast-content-background-meta":{"desktop":{"background-color":"var(--ast-global-color-5)","background-image":"","background-repeat":"repeat","background-position":"center center","background-size":"auto","background-attachment":"scroll","background-type":"","background-media":"","overlay-type":"","overlay-color":"","overlay-opacity":"","overlay-gradient":""},"tablet":{"background-color":"var(--ast-global-color-5)","background-image":"","background-repeat":"repeat","background-position":"center center","background-size":"auto","background-attachment":"scroll","background-type":"","background-media":"","overlay-type":"","overlay-color":"","overlay-opacity":"","overlay-gradient":""},"mobile":{"background-color":"var(--ast-global-color-5)","background-image":"","background-repeat":"repeat","background-position":"center center","background-size":"auto","background-attachment":"scroll","background-type":"","background-media":"","overlay-type":"","overlay-color":"","overlay-opacity":"","overlay-gradient":""}},"_joinchat":[]},"product_brand":[],"product_cat":[26,49],"product_tag":[],"class_list":{"0":"post-76","1":"product","2":"type-product","3":"status-publish","4":"has-post-thumbnail","6":"product_cat-tours","7":"product_cat-tours-norte","8":"desktop-align-left","9":"tablet-align-left","10":"mobile-align-left","11":"ast-product-gallery-layout-horizontal-slider","13":"first","14":"instock","15":"shipping-taxable","16":"purchasable","17":"product-type-simple"},"uagb_featured_image_src":{"full":["https:\/\/cumbres6000.cl\/wp-content\/uploads\/2019\/01\/20.webp",1080,1350,false],"thumbnail":["https:\/\/cumbres6000.cl\/wp-content\/uploads\/2019\/01\/20-150x150.webp",150,150,true],"medium":["https:\/\/cumbres6000.cl\/wp-content\/uploads\/2019\/01\/20-240x300.webp",240,300,true],"medium_large":["https:\/\/cumbres6000.cl\/wp-content\/uploads\/2019\/01\/20-768x960.webp",768,960,true],"large":["https:\/\/cumbres6000.cl\/wp-content\/uploads\/2019\/01\/20-819x1024.webp",819,1024,true],"1536x1536":["https:\/\/cumbres6000.cl\/wp-content\/uploads\/2019\/01\/20.webp",1080,1350,false],"2048x2048":["https:\/\/cumbres6000.cl\/wp-content\/uploads\/2019\/01\/20.webp",1080,1350,false],"trp-custom-language-flag":["https:\/\/cumbres6000.cl\/wp-content\/uploads\/2019\/01\/20.webp",10,12,false],"woocommerce_thumbnail":["https:\/\/cumbres6000.cl\/wp-content\/uploads\/2019\/01\/20-300x300.webp",300,300,true],"woocommerce_single":["https:\/\/cumbres6000.cl\/wp-content\/uploads\/2019\/01\/20-600x750.webp",600,750,true],"woocommerce_gallery_thumbnail":["https:\/\/cumbres6000.cl\/wp-content\/uploads\/2019\/01\/20-100x100.webp",100,100,true],"dgwt-wcas-product-suggestion":["https:\/\/cumbres6000.cl\/wp-content\/uploads\/2019\/01\/20.webp",64,80,false]},"uagb_author_info":{"display_name":"CumbresAdmin","author_link":"https:\/\/cumbres6000.cl\/pt\/author\/"},"uagb_comment_info":0,"uagb_excerpt":"HORARIO 07:00 hrs. - 18:00 hrs. DATOS Ropa de abrigo, agua, lentes e incluye almuerzo. ALTURA 4.200 msnm ENTRADAS $23.000 Salimos en direcci\u00f3n al sur por ruta 23 donde montaremos un desayuno antes de comenzar en el tr\u00f3pico de Capricornio. Luego visitamos en primer lugar las Piedras Rojas en laguna Aguas calientes donde realizamos una&hellip;","_links":{"self":[{"href":"https:\/\/cumbres6000.cl\/pt\/wp-json\/wp\/v2\/product\/76","targetHints":{"allow":["GET"]}}],"collection":[{"href":"https:\/\/cumbres6000.cl\/pt\/wp-json\/wp\/v2\/product"}],"about":[{"href":"https:\/\/cumbres6000.cl\/pt\/wp-json\/wp\/v2\/types\/product"}],"replies":[{"embeddable":true,"href":"https:\/\/cumbres6000.cl\/pt\/wp-json\/wp\/v2\/comments?post=76"}],"wp:featuredmedia":[{"embeddable":true,"href":"https:\/\/cumbres6000.cl\/pt\/wp-json\/wp\/v2\/media\/1128"}],"wp:attachment":[{"href":"https:\/\/cumbres6000.cl\/pt\/wp-json\/wp\/v2\/media?parent=76"}],"wp:term":[{"taxonomy":"product_brand","embeddable":true,"href":"https:\/\/cumbres6000.cl\/pt\/wp-json\/wp\/v2\/product_brand?post=76"},{"taxonomy":"product_cat","embeddable":true,"href":"https:\/\/cumbres6000.cl\/pt\/wp-json\/wp\/v2\/product_cat?post=76"},{"taxonomy":"product_tag","embeddable":true,"href":"https:\/\/cumbres6000.cl\/pt\/wp-json\/wp\/v2\/product_tag?post=76"}],"curies":[{"name":"wp","href":"https:\/\/api.w.org\/{rel}","templated":true}]}}