{"id":1964,"date":"2026-02-16T14:48:57","date_gmt":"2026-02-16T14:48:57","guid":{"rendered":"https:\/\/cumbres6000.cl\/?post_type=product&#038;p=1964"},"modified":"2026-02-16T15:05:20","modified_gmt":"2026-02-16T15:05:20","slug":"dia-completo-casablanca-valparaiso","status":"publish","type":"product","link":"https:\/\/cumbres6000.cl\/pt\/product\/dia-completo-casablanca-valparaiso\/","title":{"rendered":"D\u00cdA COMPLETO CASABLANCA &#8211; VALPARAISO"},"content":{"rendered":"","protected":false},"excerpt":{"rendered":"<p>Comenzamos la aventura con una visita al vi\u00f1edo Vi\u00f1a Mar en el Valle de Casablanca. Conocido por su clima fresco, el valle ofrece condiciones perfectas para producir exquisitos vinos blancos y tintos ligeros. Durante la visita, aprender\u00e1s sobre las pr\u00e1cticas ecol\u00f3gicas y el proceso de elaboraci\u00f3n del vino, culminando en una cata de cuatro vinos distintos.<br \/>\nA continuaci\u00f3n, nos dirigiremos a la hist\u00f3rica ciudad portuaria de Valpara\u00edso, Patrimonio de la Humanidad por la UNESCO. Aqu\u00ed explorar\u00e1s los lugares encantadores y coloridos que definen la ciudad. Marav\u00edllate con la arquitectura \u00fanica influenciada por los inmigrantes y moldeada por las caracter\u00edsticas geogr\u00e1ficas de la ciudad. Experimenta los m\u00e9todos de transporte distintivos de Valpara\u00edso, incluyendo el ic\u00f3nico troleb\u00fas y los renombrados funiculares de Valpara\u00edso.<\/p>\n<p><strong>Inclui:<\/strong><br \/>\n&#8211; Conductor profesional<br \/>\n&#8211; Gu\u00eda en ingl\u00e9s<br \/>\n&#8211; Almuerzo<br \/>\n&#8211; Servicios privados<br \/>\n&#8211; Recogida y entrega en el hotel en Santiago<br \/>\n&#8211; Tour y cata de vinos en Vi\u00f1a Mar<\/p>\n<p><strong>Valor full Day por persona USD 140.<br \/>\nMinimo 4 PERSONAS.<br \/>\nEl valor esta considerado privado para 12 pasajeros.<\/strong><\/p>","protected":false},"featured_media":1974,"comment_status":"open","ping_status":"closed","template":"","meta":{"_uag_custom_page_level_css":"","site-sidebar-layout":"default","site-content-layout":"default","ast-site-content-layout":"default","site-content-style":"default","site-sidebar-style":"default","ast-global-header-display":"","ast-banner-title-visibility":"","ast-main-header-display":"","ast-hfb-above-header-display":"","ast-hfb-below-header-display":"","ast-hfb-mobile-header-display":"","site-post-title":"","ast-breadcrumbs-content":"","ast-featured-img":"","footer-sml-layout":"","ast-disable-related-posts":"","theme-transparent-header-meta":"default","adv-header-id-meta":"","stick-header-meta":"default","header-above-stick-meta":"","header-main-stick-meta":"","header-below-stick-meta":"","astra-migrate-meta-layouts":"set","ast-page-background-enabled":"default","ast-page-background-meta":{"desktop":{"background-color":"","background-image":"","background-repeat":"repeat","background-position":"center center","background-size":"auto","background-attachment":"scroll","background-type":"","background-media":"","overlay-type":"","overlay-color":"","overlay-opacity":"","overlay-gradient":""},"tablet":{"background-color":"","background-image":"","background-repeat":"repeat","background-position":"center center","background-size":"auto","background-attachment":"scroll","background-type":"","background-media":"","overlay-type":"","overlay-color":"","overlay-opacity":"","overlay-gradient":""},"mobile":{"background-color":"","background-image":"","background-repeat":"repeat","background-position":"center center","background-size":"auto","background-attachment":"scroll","background-type":"","background-media":"","overlay-type":"","overlay-color":"","overlay-opacity":"","overlay-gradient":""}},"ast-content-background-meta":{"desktop":{"background-color":"var(--ast-global-color-5)","background-image":"","background-repeat":"repeat","background-position":"center center","background-size":"auto","background-attachment":"scroll","background-type":"","background-media":"","overlay-type":"","overlay-color":"","overlay-opacity":"","overlay-gradient":""},"tablet":{"background-color":"var(--ast-global-color-5)","background-image":"","background-repeat":"repeat","background-position":"center center","background-size":"auto","background-attachment":"scroll","background-type":"","background-media":"","overlay-type":"","overlay-color":"","overlay-opacity":"","overlay-gradient":""},"mobile":{"background-color":"var(--ast-global-color-5)","background-image":"","background-repeat":"repeat","background-position":"center center","background-size":"auto","background-attachment":"scroll","background-type":"","background-media":"","overlay-type":"","overlay-color":"","overlay-opacity":"","overlay-gradient":""}},"_joinchat":[]},"product_brand":[],"product_cat":[26],"product_tag":[],"class_list":{"0":"post-1964","1":"product","2":"type-product","3":"status-publish","4":"has-post-thumbnail","6":"product_cat-tours","7":"desktop-align-left","8":"tablet-align-left","9":"mobile-align-left","10":"ast-product-gallery-layout-horizontal-slider","12":"first","13":"instock","14":"featured","15":"virtual","16":"purchasable","17":"product-type-simple"},"uagb_featured_image_src":{"full":["https:\/\/cumbres6000.cl\/wp-content\/uploads\/2026\/02\/disenos-cumbres-6000-1.webp",1080,1350,false],"thumbnail":["https:\/\/cumbres6000.cl\/wp-content\/uploads\/2026\/02\/disenos-cumbres-6000-1-150x150.webp",150,150,true],"medium":["https:\/\/cumbres6000.cl\/wp-content\/uploads\/2026\/02\/disenos-cumbres-6000-1-240x300.webp",240,300,true],"medium_large":["https:\/\/cumbres6000.cl\/wp-content\/uploads\/2026\/02\/disenos-cumbres-6000-1-768x960.webp",768,960,true],"large":["https:\/\/cumbres6000.cl\/wp-content\/uploads\/2026\/02\/disenos-cumbres-6000-1-819x1024.webp",819,1024,true],"1536x1536":["https:\/\/cumbres6000.cl\/wp-content\/uploads\/2026\/02\/disenos-cumbres-6000-1.webp",1080,1350,false],"2048x2048":["https:\/\/cumbres6000.cl\/wp-content\/uploads\/2026\/02\/disenos-cumbres-6000-1.webp",1080,1350,false],"trp-custom-language-flag":["https:\/\/cumbres6000.cl\/wp-content\/uploads\/2026\/02\/disenos-cumbres-6000-1-10x12.webp",10,12,true],"woocommerce_thumbnail":["https:\/\/cumbres6000.cl\/wp-content\/uploads\/2026\/02\/disenos-cumbres-6000-1-300x300.webp",300,300,true],"woocommerce_single":["https:\/\/cumbres6000.cl\/wp-content\/uploads\/2026\/02\/disenos-cumbres-6000-1-600x750.webp",600,750,true],"woocommerce_gallery_thumbnail":["https:\/\/cumbres6000.cl\/wp-content\/uploads\/2026\/02\/disenos-cumbres-6000-1-100x100.webp",100,100,true],"dgwt-wcas-product-suggestion":["https:\/\/cumbres6000.cl\/wp-content\/uploads\/2026\/02\/disenos-cumbres-6000-1-64x80.webp",64,80,true]},"uagb_author_info":{"display_name":"CumbresAdmin","author_link":"https:\/\/cumbres6000.cl\/pt\/author\/"},"uagb_comment_info":0,"uagb_excerpt":"Comenzamos la aventura con una visita al vi\u00f1edo Vi\u00f1a Mar en el Valle de Casablanca. Conocido por su clima fresco, el valle ofrece condiciones perfectas para producir exquisitos vinos blancos y tintos ligeros. Durante la visita, aprender\u00e1s sobre las pr\u00e1cticas ecol\u00f3gicas y el proceso de elaboraci\u00f3n del vino, culminando en una cata de cuatro vinos&hellip;","_links":{"self":[{"href":"https:\/\/cumbres6000.cl\/pt\/wp-json\/wp\/v2\/product\/1964","targetHints":{"allow":["GET"]}}],"collection":[{"href":"https:\/\/cumbres6000.cl\/pt\/wp-json\/wp\/v2\/product"}],"about":[{"href":"https:\/\/cumbres6000.cl\/pt\/wp-json\/wp\/v2\/types\/product"}],"replies":[{"embeddable":true,"href":"https:\/\/cumbres6000.cl\/pt\/wp-json\/wp\/v2\/comments?post=1964"}],"wp:featuredmedia":[{"embeddable":true,"href":"https:\/\/cumbres6000.cl\/pt\/wp-json\/wp\/v2\/media\/1974"}],"wp:attachment":[{"href":"https:\/\/cumbres6000.cl\/pt\/wp-json\/wp\/v2\/media?parent=1964"}],"wp:term":[{"taxonomy":"product_brand","embeddable":true,"href":"https:\/\/cumbres6000.cl\/pt\/wp-json\/wp\/v2\/product_brand?post=1964"},{"taxonomy":"product_cat","embeddable":true,"href":"https:\/\/cumbres6000.cl\/pt\/wp-json\/wp\/v2\/product_cat?post=1964"},{"taxonomy":"product_tag","embeddable":true,"href":"https:\/\/cumbres6000.cl\/pt\/wp-json\/wp\/v2\/product_tag?post=1964"}],"curies":[{"name":"wp","href":"https:\/\/api.w.org\/{rel}","templated":true}]}}