{"id":1864,"date":"2026-02-06T20:14:24","date_gmt":"2026-02-06T20:14:24","guid":{"rendered":"https:\/\/pink-ant-555455.hostingersite.com\/?post_type=product&#038;p=1864"},"modified":"2026-02-06T20:25:54","modified_gmt":"2026-02-06T20:25:54","slug":"huilo-huilo","status":"publish","type":"product","link":"https:\/\/cumbres6000.cl\/pt\/product\/huilo-huilo\/","title":{"rendered":"HUILO HUILO"},"content":{"rendered":"","protected":false},"excerpt":{"rendered":"<p>1-\tLago Calafqu\u00e9n mirador<br \/>\n2-\tLago Panguipulli\/ Mirador Rucatrehua<br \/>\n3-\tMirador isla Gabriela\/ Volcan Choschuenco<br \/>\n4-\tSalto de Llallalca                                                   6.500 entrada portal la leona<br \/>\n5-\tMonta\u00f1a m\u00e1gica                                                       6.500<br \/>\n6-\tAlmuerzo Neltume<br \/>\n7-\tFeria costumbrista Puerto Fuy Horio recreativo de 1 hora libre<br \/>\n8-\tRegreso<br \/>\nValor  $55.000<\/p>\n<p>Os pre\u00e7os de entrada na Reserva Biol\u00f3gica Huilo Huilo (2025-2026) variam conforme o tipo de entrada, custando aproximadamente US$ 6.500 para adultos e US$ 4.500 para crian\u00e7as no setor principal (Salto Huilo Huilo, Ciervos, La Leona). A entrada para as Lagunas Andinas \u00e9 mais cara, em torno de US$ 10.000, enquanto o telef\u00e9rico tem um pre\u00e7o \u00e0 parte de US$ 15.000.<\/p>\n<p>MINIMO 4 PERSONAS.<\/p>","protected":false},"featured_media":1865,"comment_status":"open","ping_status":"closed","template":"","meta":{"_uag_custom_page_level_css":"","site-sidebar-layout":"default","site-content-layout":"default","ast-site-content-layout":"default","site-content-style":"default","site-sidebar-style":"default","ast-global-header-display":"","ast-banner-title-visibility":"","ast-main-header-display":"","ast-hfb-above-header-display":"","ast-hfb-below-header-display":"","ast-hfb-mobile-header-display":"","site-post-title":"","ast-breadcrumbs-content":"","ast-featured-img":"","footer-sml-layout":"","ast-disable-related-posts":"","theme-transparent-header-meta":"default","adv-header-id-meta":"","stick-header-meta":"default","header-above-stick-meta":"","header-main-stick-meta":"","header-below-stick-meta":"","astra-migrate-meta-layouts":"set","ast-page-background-enabled":"default","ast-page-background-meta":{"desktop":{"background-color":"","background-image":"","background-repeat":"repeat","background-position":"center center","background-size":"auto","background-attachment":"scroll","background-type":"","background-media":"","overlay-type":"","overlay-color":"","overlay-opacity":"","overlay-gradient":""},"tablet":{"background-color":"","background-image":"","background-repeat":"repeat","background-position":"center center","background-size":"auto","background-attachment":"scroll","background-type":"","background-media":"","overlay-type":"","overlay-color":"","overlay-opacity":"","overlay-gradient":""},"mobile":{"background-color":"","background-image":"","background-repeat":"repeat","background-position":"center center","background-size":"auto","background-attachment":"scroll","background-type":"","background-media":"","overlay-type":"","overlay-color":"","overlay-opacity":"","overlay-gradient":""}},"ast-content-background-meta":{"desktop":{"background-color":"var(--ast-global-color-5)","background-image":"","background-repeat":"repeat","background-position":"center center","background-size":"auto","background-attachment":"scroll","background-type":"","background-media":"","overlay-type":"","overlay-color":"","overlay-opacity":"","overlay-gradient":""},"tablet":{"background-color":"var(--ast-global-color-5)","background-image":"","background-repeat":"repeat","background-position":"center center","background-size":"auto","background-attachment":"scroll","background-type":"","background-media":"","overlay-type":"","overlay-color":"","overlay-opacity":"","overlay-gradient":""},"mobile":{"background-color":"var(--ast-global-color-5)","background-image":"","background-repeat":"repeat","background-position":"center center","background-size":"auto","background-attachment":"scroll","background-type":"","background-media":"","overlay-type":"","overlay-color":"","overlay-opacity":"","overlay-gradient":""}},"_joinchat":[]},"product_brand":[],"product_cat":[26,48],"product_tag":[],"class_list":{"0":"post-1864","1":"product","2":"type-product","3":"status-publish","4":"has-post-thumbnail","6":"product_cat-tours","7":"product_cat-tours-araucania","8":"desktop-align-left","9":"tablet-align-left","10":"mobile-align-left","11":"ast-product-gallery-layout-horizontal-slider","13":"first","14":"instock","15":"featured","16":"virtual","17":"purchasable","18":"product-type-simple"},"uagb_featured_image_src":{"full":["https:\/\/cumbres6000.cl\/wp-content\/uploads\/2026\/02\/Gira-de-estudio-3-dias-2.webp",1080,1350,false],"thumbnail":["https:\/\/cumbres6000.cl\/wp-content\/uploads\/2026\/02\/Gira-de-estudio-3-dias-2-150x150.webp",150,150,true],"medium":["https:\/\/cumbres6000.cl\/wp-content\/uploads\/2026\/02\/Gira-de-estudio-3-dias-2-240x300.webp",240,300,true],"medium_large":["https:\/\/cumbres6000.cl\/wp-content\/uploads\/2026\/02\/Gira-de-estudio-3-dias-2-768x960.webp",768,960,true],"large":["https:\/\/cumbres6000.cl\/wp-content\/uploads\/2026\/02\/Gira-de-estudio-3-dias-2-819x1024.webp",819,1024,true],"1536x1536":["https:\/\/cumbres6000.cl\/wp-content\/uploads\/2026\/02\/Gira-de-estudio-3-dias-2.webp",1080,1350,false],"2048x2048":["https:\/\/cumbres6000.cl\/wp-content\/uploads\/2026\/02\/Gira-de-estudio-3-dias-2.webp",1080,1350,false],"trp-custom-language-flag":["https:\/\/cumbres6000.cl\/wp-content\/uploads\/2026\/02\/Gira-de-estudio-3-dias-2-10x12.webp",10,12,true],"woocommerce_thumbnail":["https:\/\/cumbres6000.cl\/wp-content\/uploads\/2026\/02\/Gira-de-estudio-3-dias-2-300x300.webp",300,300,true],"woocommerce_single":["https:\/\/cumbres6000.cl\/wp-content\/uploads\/2026\/02\/Gira-de-estudio-3-dias-2-600x750.webp",600,750,true],"woocommerce_gallery_thumbnail":["https:\/\/cumbres6000.cl\/wp-content\/uploads\/2026\/02\/Gira-de-estudio-3-dias-2-100x100.webp",100,100,true],"dgwt-wcas-product-suggestion":["https:\/\/cumbres6000.cl\/wp-content\/uploads\/2026\/02\/Gira-de-estudio-3-dias-2-64x80.webp",64,80,true]},"uagb_author_info":{"display_name":"CumbresAdmin","author_link":"https:\/\/cumbres6000.cl\/pt\/author\/"},"uagb_comment_info":0,"uagb_excerpt":"1- Lago Calafqu\u00e9n mirador 2- Lago Panguipulli\/ Mirador Rucatrehua 3- Mirador isla Gabriela\/ Volcan Choschuenco 4- Salto de Llallalca 6.500 entrada portal la leona 5- Monta\u00f1a m\u00e1gica 6.500 6- Almuerzo Neltume 7- Feria costumbrista Puerto Fuy Horio recreativo de 1 hora libre 8- Regreso Valor $55.000 Los valores de entrada a la Reserva Biol\u00f3gica Huilo&hellip;","_links":{"self":[{"href":"https:\/\/cumbres6000.cl\/pt\/wp-json\/wp\/v2\/product\/1864","targetHints":{"allow":["GET"]}}],"collection":[{"href":"https:\/\/cumbres6000.cl\/pt\/wp-json\/wp\/v2\/product"}],"about":[{"href":"https:\/\/cumbres6000.cl\/pt\/wp-json\/wp\/v2\/types\/product"}],"replies":[{"embeddable":true,"href":"https:\/\/cumbres6000.cl\/pt\/wp-json\/wp\/v2\/comments?post=1864"}],"wp:featuredmedia":[{"embeddable":true,"href":"https:\/\/cumbres6000.cl\/pt\/wp-json\/wp\/v2\/media\/1865"}],"wp:attachment":[{"href":"https:\/\/cumbres6000.cl\/pt\/wp-json\/wp\/v2\/media?parent=1864"}],"wp:term":[{"taxonomy":"product_brand","embeddable":true,"href":"https:\/\/cumbres6000.cl\/pt\/wp-json\/wp\/v2\/product_brand?post=1864"},{"taxonomy":"product_cat","embeddable":true,"href":"https:\/\/cumbres6000.cl\/pt\/wp-json\/wp\/v2\/product_cat?post=1864"},{"taxonomy":"product_tag","embeddable":true,"href":"https:\/\/cumbres6000.cl\/pt\/wp-json\/wp\/v2\/product_tag?post=1864"}],"curies":[{"name":"wp","href":"https:\/\/api.w.org\/{rel}","templated":true}]}}