{"id":1190,"date":"2024-03-04T18:56:36","date_gmt":"2024-03-04T18:56:36","guid":{"rendered":"https:\/\/pink-ant-555455.hostingersite.com\/?post_type=product&#038;p=1190"},"modified":"2026-02-06T20:42:45","modified_gmt":"2026-02-06T20:42:45","slug":"trekking","status":"publish","type":"product","link":"https:\/\/cumbres6000.cl\/pt\/product\/trekking\/","title":{"rendered":"Machuca Rio Grande"},"content":{"rendered":"","protected":false},"excerpt":{"rendered":"<p class=\"translation-block\">HOR\u00c1RIO: 8h \u00e0s 17h<br>\nO QUE LEVAR: Roupas de trekking, \u00e1gua, \u00f3culos de sol, protetor solar.<br>\nALTITUDE: 4.000 a 3.200 metros acima do n\u00edvel do mar<\/p>\n<p>(puede ser en ascenso).<br \/>\nMINIMO 4 PERSONAS.<\/p>\n<p class=\"translation-block\">Sa\u00edmos de San Pedro em dire\u00e7\u00e3o ao norte pela estrada que leva a Machuca (4.000 metros acima do n\u00edvel do mar). Fazemos uma parada para um caf\u00e9 ou empanadas de queijo. E assim come\u00e7a esta trilha, descendo ao longo do rio Pe\u00f1aliri ou Machuca e seu impressionante c\u00e2nion, onde se pode apreciar a flora, a fauna e os vest\u00edgios humanos t\u00e3o caracter\u00edsticos do Altiplano e sua hist\u00f3ria. Na metade da trilha, paramos em Pe\u00f1aliri para uma pausa e um lanche. Depois, continuamos caminhando em dire\u00e7\u00e3o ao vilarejo de Rio Grande, passando por pequenas aldeias hoje abandonadas, onde se podem observar vest\u00edgios de agricultura baseada no cultivo de alfafa, favas, alho e cebola.<\/p>\n<p>INCLUI RA\u00c7\u00c3O PARA TRILHA<\/p>","protected":false},"featured_media":1191,"comment_status":"open","ping_status":"closed","template":"","meta":{"_uag_custom_page_level_css":"","site-sidebar-layout":"default","site-content-layout":"","ast-site-content-layout":"default","site-content-style":"default","site-sidebar-style":"default","ast-global-header-display":"","ast-banner-title-visibility":"","ast-main-header-display":"","ast-hfb-above-header-display":"","ast-hfb-below-header-display":"","ast-hfb-mobile-header-display":"","site-post-title":"","ast-breadcrumbs-content":"","ast-featured-img":"","footer-sml-layout":"","ast-disable-related-posts":"","theme-transparent-header-meta":"default","adv-header-id-meta":"","stick-header-meta":"default","header-above-stick-meta":"","header-main-stick-meta":"","header-below-stick-meta":"","astra-migrate-meta-layouts":"set","ast-page-background-enabled":"default","ast-page-background-meta":{"desktop":{"background-color":"","background-image":"","background-repeat":"repeat","background-position":"center center","background-size":"auto","background-attachment":"scroll","background-type":"","background-media":"","overlay-type":"","overlay-color":"","overlay-opacity":"","overlay-gradient":""},"tablet":{"background-color":"","background-image":"","background-repeat":"repeat","background-position":"center center","background-size":"auto","background-attachment":"scroll","background-type":"","background-media":"","overlay-type":"","overlay-color":"","overlay-opacity":"","overlay-gradient":""},"mobile":{"background-color":"","background-image":"","background-repeat":"repeat","background-position":"center center","background-size":"auto","background-attachment":"scroll","background-type":"","background-media":"","overlay-type":"","overlay-color":"","overlay-opacity":"","overlay-gradient":""}},"ast-content-background-meta":{"desktop":{"background-color":"var(--ast-global-color-5)","background-image":"","background-repeat":"repeat","background-position":"center center","background-size":"auto","background-attachment":"scroll","background-type":"","background-media":"","overlay-type":"","overlay-color":"","overlay-opacity":"","overlay-gradient":""},"tablet":{"background-color":"var(--ast-global-color-5)","background-image":"","background-repeat":"repeat","background-position":"center center","background-size":"auto","background-attachment":"scroll","background-type":"","background-media":"","overlay-type":"","overlay-color":"","overlay-opacity":"","overlay-gradient":""},"mobile":{"background-color":"var(--ast-global-color-5)","background-image":"","background-repeat":"repeat","background-position":"center center","background-size":"auto","background-attachment":"scroll","background-type":"","background-media":"","overlay-type":"","overlay-color":"","overlay-opacity":"","overlay-gradient":""}},"_joinchat":[]},"product_brand":[],"product_cat":[26,49,28],"product_tag":[],"class_list":{"0":"post-1190","1":"product","2":"type-product","3":"status-publish","4":"has-post-thumbnail","6":"product_cat-tours","7":"product_cat-tours-norte","8":"product_cat-trekking","9":"desktop-align-left","10":"tablet-align-left","11":"mobile-align-left","12":"ast-product-gallery-layout-horizontal-slider","13":"ast-product-gallery-with-no-image","15":"first","16":"instock","17":"virtual","18":"purchasable","19":"product-type-simple"},"uagb_featured_image_src":{"full":["https:\/\/cumbres6000.cl\/wp-content\/uploads\/2024\/03\/Post-3-1.webp",1080,1350,false],"thumbnail":["https:\/\/cumbres6000.cl\/wp-content\/uploads\/2024\/03\/Post-3-1-150x150.webp",150,150,true],"medium":["https:\/\/cumbres6000.cl\/wp-content\/uploads\/2024\/03\/Post-3-1-240x300.webp",240,300,true],"medium_large":["https:\/\/cumbres6000.cl\/wp-content\/uploads\/2024\/03\/Post-3-1-768x960.webp",768,960,true],"large":["https:\/\/cumbres6000.cl\/wp-content\/uploads\/2024\/03\/Post-3-1-819x1024.webp",819,1024,true],"1536x1536":["https:\/\/cumbres6000.cl\/wp-content\/uploads\/2024\/03\/Post-3-1.webp",1080,1350,false],"2048x2048":["https:\/\/cumbres6000.cl\/wp-content\/uploads\/2024\/03\/Post-3-1.webp",1080,1350,false],"trp-custom-language-flag":["https:\/\/cumbres6000.cl\/wp-content\/uploads\/2024\/03\/Post-3-1.webp",10,12,false],"woocommerce_thumbnail":["https:\/\/cumbres6000.cl\/wp-content\/uploads\/2024\/03\/Post-3-1-300x300.webp",300,300,true],"woocommerce_single":["https:\/\/cumbres6000.cl\/wp-content\/uploads\/2024\/03\/Post-3-1-600x750.webp",600,750,true],"woocommerce_gallery_thumbnail":["https:\/\/cumbres6000.cl\/wp-content\/uploads\/2024\/03\/Post-3-1-100x100.webp",100,100,true],"dgwt-wcas-product-suggestion":["https:\/\/cumbres6000.cl\/wp-content\/uploads\/2024\/03\/Post-3-1.webp",64,80,false]},"uagb_author_info":{"display_name":"CumbresAdmin","author_link":"https:\/\/cumbres6000.cl\/pt\/author\/"},"uagb_comment_info":0,"uagb_excerpt":"HORARIO : 08:00 \u2013 17 hrs. DATOS : Ropa de trekking, agua, lentes de sol, bloqueador solar. ALTURA : 4.000 hasta 3.200 msnm (puede ser en ascenso). MINIMO 4 PERSONAS. Salimos de San pedro en direcci\u00f3n norte por el camino que lleva hasta Machuca 4.000 msnm, hacemos una pasada, tomamos un caf\u00e9 o empanadas de&hellip;","_links":{"self":[{"href":"https:\/\/cumbres6000.cl\/pt\/wp-json\/wp\/v2\/product\/1190","targetHints":{"allow":["GET"]}}],"collection":[{"href":"https:\/\/cumbres6000.cl\/pt\/wp-json\/wp\/v2\/product"}],"about":[{"href":"https:\/\/cumbres6000.cl\/pt\/wp-json\/wp\/v2\/types\/product"}],"replies":[{"embeddable":true,"href":"https:\/\/cumbres6000.cl\/pt\/wp-json\/wp\/v2\/comments?post=1190"}],"wp:featuredmedia":[{"embeddable":true,"href":"https:\/\/cumbres6000.cl\/pt\/wp-json\/wp\/v2\/media\/1191"}],"wp:attachment":[{"href":"https:\/\/cumbres6000.cl\/pt\/wp-json\/wp\/v2\/media?parent=1190"}],"wp:term":[{"taxonomy":"product_brand","embeddable":true,"href":"https:\/\/cumbres6000.cl\/pt\/wp-json\/wp\/v2\/product_brand?post=1190"},{"taxonomy":"product_cat","embeddable":true,"href":"https:\/\/cumbres6000.cl\/pt\/wp-json\/wp\/v2\/product_cat?post=1190"},{"taxonomy":"product_tag","embeddable":true,"href":"https:\/\/cumbres6000.cl\/pt\/wp-json\/wp\/v2\/product_tag?post=1190"}],"curies":[{"name":"wp","href":"https:\/\/api.w.org\/{rel}","templated":true}]}}