{"id":1174,"date":"2024-03-04T16:20:56","date_gmt":"2024-03-04T16:20:56","guid":{"rendered":"https:\/\/pink-ant-555455.hostingersite.com\/?post_type=product&#038;p=1174"},"modified":"2026-02-06T20:43:24","modified_gmt":"2026-02-06T20:43:24","slug":"ojos-del-salado-6-893-msnm","status":"publish","type":"product","link":"https:\/\/cumbres6000.cl\/pt\/product\/ojos-del-salado-6-893-msnm\/","title":{"rendered":"Ojos del Salado 6.893 msnm"},"content":{"rendered":"","protected":false},"excerpt":{"rendered":"<p class=\"translation-block\">INGRESSOS: Inclu\u00eddos<br>\nDETALHES: Roupas para trekking e montanha, \u00f3culos de sol, protetor solar.<\/p>\n<p class=\"translation-block\">I.- DESCRI\u00c7\u00c3O DO CIRCUITO:<br>\n1\u00ba DIA: (SANTIAGO) \u2013 COPIAPO \u2013 VALLE CHICO<br>\nRece\u00e7\u00e3o no aeroporto de Copiap\u00f3. Transfer para Valle Chico, onde acamparemos (3000m). (A,J)<br>\n2\u00ba DIA: VALLE CHICO \u2013 LAGUNA SANTA ROSA<br>\nCurta caminhada de aclimata\u00e7\u00e3o em redor do acampamento. Continua\u00e7\u00e3o da viagem em dire\u00e7\u00e3o ao Altiplano. Chegada \u00e0 Laguna Santa Rosa (3800m), onde poderemos observar flamingos cor-de-rosa e o vulc\u00e3o Tres Cruces, com 6753m. Montagem do acampamento. (C,A,J)<br>\n3\u00ba DIA: LAGUNA SANTA ROSA (Trekking)<br>\nDia de aclimata\u00e7\u00e3o na Laguna Santa Rosa. Trekking em altitude. Acampamento. (C,A,J)<br>\n4\u00ba DIA: LAGUNA SANTA ROSA \u2013 LAGUNA VERDE<br>\nEntramos na regi\u00e3o do Altiplano. Ao longo do percurso, podemos observar os vulc\u00f5es mais altos do planeta: Tres Cruces (6753m), Incahuasi (6621m) e Ojos del Salado (6893m). Acampamento junto \u00e0s fontes termais naturais da bela Laguna Verde (4400m). (C,A,J)<br>\n5\u00ba DIA: LAGUNA VERDE (Trekking)<br>\nDia de descanso e trekking de aclimata\u00e7\u00e3o na zona da Laguna Verde. (C,A,J)<br>\nDIA 6: LAGUNA VERDE \u2013 REF\u00daGIO DA UNIVERSIDADE DE ATACAMA<br>\nSubida ao Acampamento 1. Pernoite no Ref\u00fagio da Universidade de Atacama (5250m). (C,A,J)<br>\nDIA 7: REF\u00daGIO DA UNIVERSIDADE DE ATACAMA \u2013 REF\u00daGIO TEJOS \u2013 REF\u00daGIO DA UNIVERSIDADE DE ATACAMA<br>\nTransporte de equipamentos at\u00e9 o Ref\u00fagio Tejos (5750m) e retorno ao Ref\u00fagio de Atacama. (C,A,J)<br>\nDIA 8: REF\u00daGIO DA UNIVERSIDADE DE ATACAMA \u2013 REF\u00daGIO TEJOS<br>\nSubida ao Acampamento 2 (Ref\u00fagio Tejos) e acampamento. (C,A,J)<br>\nDIA 9: REF\u00daGIO TEJOS \u2013 CUME \u2013 REF\u00daGIO TEJOS<br>\nSubida ao Ojos del Salado (6893m). Retorno ao Ref\u00fagio Tejos. (B,L,D)<br>\nDIA 10: REF\u00daGIO Tejos \u2013 LAGUNA VERDE<br>\nDescida \u00e0 Laguna Verde ou segunda tentativa de cume. (B,L,D)<br>\nDIA 11: LAGUNA VERDE \u2013 COPIAPO<br>\nRetorno a Copiap\u00f3 e traslado ao hotel (B,L)<br>\nDIA 12: COPIAPO \u2013 (SANTIAGO)<\/p>\n<p class=\"translation-block\">El precio no incluye:<br>\r\n\u2013 Permisos<br>\r\n\u2013 Todo tipo de bebidas (alcoh\u00f3licas y no-alcoh\u00f3licas) fuera de los campamentos<br>\r\n\u2013 Porteadores<br>\r\n\u2013 Propinas<br>\r\n\u2013 Servicios no especificados en el programa<br>\r\nSaco de dormir de ser necesario: equipo personal (crampones, piolet,)<\/p>\n<p>M\u00cdNIMO DE 4 PESSOAS<\/p>","protected":false},"featured_media":1175,"comment_status":"open","ping_status":"closed","template":"","meta":{"_uag_custom_page_level_css":"","site-sidebar-layout":"default","site-content-layout":"","ast-site-content-layout":"default","site-content-style":"default","site-sidebar-style":"default","ast-global-header-display":"","ast-banner-title-visibility":"","ast-main-header-display":"","ast-hfb-above-header-display":"","ast-hfb-below-header-display":"","ast-hfb-mobile-header-display":"","site-post-title":"","ast-breadcrumbs-content":"","ast-featured-img":"","footer-sml-layout":"","ast-disable-related-posts":"","theme-transparent-header-meta":"default","adv-header-id-meta":"","stick-header-meta":"default","header-above-stick-meta":"","header-main-stick-meta":"","header-below-stick-meta":"","astra-migrate-meta-layouts":"set","ast-page-background-enabled":"default","ast-page-background-meta":{"desktop":{"background-color":"","background-image":"","background-repeat":"repeat","background-position":"center center","background-size":"auto","background-attachment":"scroll","background-type":"","background-media":"","overlay-type":"","overlay-color":"","overlay-opacity":"","overlay-gradient":""},"tablet":{"background-color":"","background-image":"","background-repeat":"repeat","background-position":"center center","background-size":"auto","background-attachment":"scroll","background-type":"","background-media":"","overlay-type":"","overlay-color":"","overlay-opacity":"","overlay-gradient":""},"mobile":{"background-color":"","background-image":"","background-repeat":"repeat","background-position":"center center","background-size":"auto","background-attachment":"scroll","background-type":"","background-media":"","overlay-type":"","overlay-color":"","overlay-opacity":"","overlay-gradient":""}},"ast-content-background-meta":{"desktop":{"background-color":"var(--ast-global-color-5)","background-image":"","background-repeat":"repeat","background-position":"center center","background-size":"auto","background-attachment":"scroll","background-type":"","background-media":"","overlay-type":"","overlay-color":"","overlay-opacity":"","overlay-gradient":""},"tablet":{"background-color":"var(--ast-global-color-5)","background-image":"","background-repeat":"repeat","background-position":"center center","background-size":"auto","background-attachment":"scroll","background-type":"","background-media":"","overlay-type":"","overlay-color":"","overlay-opacity":"","overlay-gradient":""},"mobile":{"background-color":"var(--ast-global-color-5)","background-image":"","background-repeat":"repeat","background-position":"center center","background-size":"auto","background-attachment":"scroll","background-type":"","background-media":"","overlay-type":"","overlay-color":"","overlay-opacity":"","overlay-gradient":""}},"_joinchat":[]},"product_brand":[],"product_cat":[27,26,49],"product_tag":[],"class_list":{"0":"post-1174","1":"product","2":"type-product","3":"status-publish","4":"has-post-thumbnail","6":"product_cat-montanas","7":"product_cat-tours","8":"product_cat-tours-norte","9":"desktop-align-left","10":"tablet-align-left","11":"mobile-align-left","12":"ast-product-gallery-layout-horizontal-slider","13":"ast-product-gallery-with-no-image","15":"first","16":"instock","17":"shipping-taxable","18":"product-type-external"},"uagb_featured_image_src":{"full":["https:\/\/cumbres6000.cl\/wp-content\/uploads\/2024\/03\/Post-2.png",1080,1350,false],"thumbnail":["https:\/\/cumbres6000.cl\/wp-content\/uploads\/2024\/03\/Post-2-150x150.png",150,150,true],"medium":["https:\/\/cumbres6000.cl\/wp-content\/uploads\/2024\/03\/Post-2-240x300.png",240,300,true],"medium_large":["https:\/\/cumbres6000.cl\/wp-content\/uploads\/2024\/03\/Post-2-768x960.png",768,960,true],"large":["https:\/\/cumbres6000.cl\/wp-content\/uploads\/2024\/03\/Post-2-819x1024.png",819,1024,true],"1536x1536":["https:\/\/cumbres6000.cl\/wp-content\/uploads\/2024\/03\/Post-2.png",1080,1350,false],"2048x2048":["https:\/\/cumbres6000.cl\/wp-content\/uploads\/2024\/03\/Post-2.png",1080,1350,false],"trp-custom-language-flag":["https:\/\/cumbres6000.cl\/wp-content\/uploads\/2024\/03\/Post-2.png",10,12,false],"woocommerce_thumbnail":["https:\/\/cumbres6000.cl\/wp-content\/uploads\/2024\/03\/Post-2-300x300.png",300,300,true],"woocommerce_single":["https:\/\/cumbres6000.cl\/wp-content\/uploads\/2024\/03\/Post-2-600x750.png",600,750,true],"woocommerce_gallery_thumbnail":["https:\/\/cumbres6000.cl\/wp-content\/uploads\/2024\/03\/Post-2-100x100.png",100,100,true],"dgwt-wcas-product-suggestion":["https:\/\/cumbres6000.cl\/wp-content\/uploads\/2024\/03\/Post-2.png",64,80,false]},"uagb_author_info":{"display_name":"CumbresAdmin","author_link":"https:\/\/cumbres6000.cl\/pt\/author\/"},"uagb_comment_info":0,"uagb_excerpt":"ENTRADAS: Incluidas DATOS : Ropa de trekking y monta\u00f1a, lentes de sol, bloqueador solar. I.- DESCRIPCION DEL CIRCUITO: DIA 1: (SANTIAGO) \u2013 COPIAPO \u2013 VALLE CHICO Recepci\u00f3n en aeropuerto de Copiap\u00f3. Traslado a Valle Chico donde acamparemos (3000m). (A,C) DIA 2: VALLE CHICO \u2013 LAGUNA STA ROSA Peque\u00f1a caminata de aclimataci\u00f3n en los alrededores del&hellip;","_links":{"self":[{"href":"https:\/\/cumbres6000.cl\/pt\/wp-json\/wp\/v2\/product\/1174","targetHints":{"allow":["GET"]}}],"collection":[{"href":"https:\/\/cumbres6000.cl\/pt\/wp-json\/wp\/v2\/product"}],"about":[{"href":"https:\/\/cumbres6000.cl\/pt\/wp-json\/wp\/v2\/types\/product"}],"replies":[{"embeddable":true,"href":"https:\/\/cumbres6000.cl\/pt\/wp-json\/wp\/v2\/comments?post=1174"}],"wp:featuredmedia":[{"embeddable":true,"href":"https:\/\/cumbres6000.cl\/pt\/wp-json\/wp\/v2\/media\/1175"}],"wp:attachment":[{"href":"https:\/\/cumbres6000.cl\/pt\/wp-json\/wp\/v2\/media?parent=1174"}],"wp:term":[{"taxonomy":"product_brand","embeddable":true,"href":"https:\/\/cumbres6000.cl\/pt\/wp-json\/wp\/v2\/product_brand?post=1174"},{"taxonomy":"product_cat","embeddable":true,"href":"https:\/\/cumbres6000.cl\/pt\/wp-json\/wp\/v2\/product_cat?post=1174"},{"taxonomy":"product_tag","embeddable":true,"href":"https:\/\/cumbres6000.cl\/pt\/wp-json\/wp\/v2\/product_tag?post=1174"}],"curies":[{"name":"wp","href":"https:\/\/api.w.org\/{rel}","templated":true}]}}