{"id":1163,"date":"2024-03-04T15:34:01","date_gmt":"2024-03-04T15:34:01","guid":{"rendered":"https:\/\/pink-ant-555455.hostingersite.com\/?post_type=product&#038;p=1163"},"modified":"2026-02-06T20:44:00","modified_gmt":"2026-02-06T20:44:00","slug":"pili-o-acamarachi-6-046-msnm-2-dias","status":"publish","type":"product","link":"https:\/\/cumbres6000.cl\/pt\/product\/pili-o-acamarachi-6-046-msnm-2-dias\/","title":{"rendered":"Pili o Acamarachi 6.046 msnm (2 DIAS)"},"content":{"rendered":"","protected":false},"excerpt":{"rendered":"<p class=\"translation-block\">BASE: 4.600 metros acima do n\u00edvel do mar<br>\nDADOS: Roupas muito quentes para suportar o vento e o frio.<\/p>\n<p>botas de caminhada, chap\u00e9u, \u00f3culos de sol, luvas,<\/p>\n<p class=\"translation-block\">Protetor solar, \u00e1gua.<br>\nINCLUI: Acampamento, refei\u00e7\u00f5es e transporte.<\/p>\n<p class=\"translation-block\">Sa\u00edmos de San Pedro antes do meio-dia para chegar ao acampamento base, montar o acampamento, caminhar um pouco em altitude para aclimata\u00e7\u00e3o, fazer o censo e dormir. No dia seguinte, ap\u00f3s o caf\u00e9 da manh\u00e3, come\u00e7amos a subida \u00e0s 5h da manh\u00e3. A subida leva em m\u00e9dia 7 horas, dependendo do grupo. Retornamos a San Pedro \u00e0 tarde.<\/p>\n<p>M\u00cdNIMO DE 3 PESSOAS<\/p>","protected":false},"featured_media":1165,"comment_status":"open","ping_status":"closed","template":"","meta":{"_uag_custom_page_level_css":"","site-sidebar-layout":"default","site-content-layout":"","ast-site-content-layout":"default","site-content-style":"default","site-sidebar-style":"default","ast-global-header-display":"","ast-banner-title-visibility":"","ast-main-header-display":"","ast-hfb-above-header-display":"","ast-hfb-below-header-display":"","ast-hfb-mobile-header-display":"","site-post-title":"","ast-breadcrumbs-content":"","ast-featured-img":"","footer-sml-layout":"","ast-disable-related-posts":"","theme-transparent-header-meta":"default","adv-header-id-meta":"","stick-header-meta":"default","header-above-stick-meta":"","header-main-stick-meta":"","header-below-stick-meta":"","astra-migrate-meta-layouts":"set","ast-page-background-enabled":"default","ast-page-background-meta":{"desktop":{"background-color":"","background-image":"","background-repeat":"repeat","background-position":"center center","background-size":"auto","background-attachment":"scroll","background-type":"","background-media":"","overlay-type":"","overlay-color":"","overlay-opacity":"","overlay-gradient":""},"tablet":{"background-color":"","background-image":"","background-repeat":"repeat","background-position":"center center","background-size":"auto","background-attachment":"scroll","background-type":"","background-media":"","overlay-type":"","overlay-color":"","overlay-opacity":"","overlay-gradient":""},"mobile":{"background-color":"","background-image":"","background-repeat":"repeat","background-position":"center center","background-size":"auto","background-attachment":"scroll","background-type":"","background-media":"","overlay-type":"","overlay-color":"","overlay-opacity":"","overlay-gradient":""}},"ast-content-background-meta":{"desktop":{"background-color":"var(--ast-global-color-5)","background-image":"","background-repeat":"repeat","background-position":"center center","background-size":"auto","background-attachment":"scroll","background-type":"","background-media":"","overlay-type":"","overlay-color":"","overlay-opacity":"","overlay-gradient":""},"tablet":{"background-color":"var(--ast-global-color-5)","background-image":"","background-repeat":"repeat","background-position":"center center","background-size":"auto","background-attachment":"scroll","background-type":"","background-media":"","overlay-type":"","overlay-color":"","overlay-opacity":"","overlay-gradient":""},"mobile":{"background-color":"var(--ast-global-color-5)","background-image":"","background-repeat":"repeat","background-position":"center center","background-size":"auto","background-attachment":"scroll","background-type":"","background-media":"","overlay-type":"","overlay-color":"","overlay-opacity":"","overlay-gradient":""}},"_joinchat":[]},"product_brand":[],"product_cat":[27,26,49],"product_tag":[],"class_list":{"0":"post-1163","1":"product","2":"type-product","3":"status-publish","4":"has-post-thumbnail","6":"product_cat-montanas","7":"product_cat-tours","8":"product_cat-tours-norte","9":"desktop-align-left","10":"tablet-align-left","11":"mobile-align-left","12":"ast-product-gallery-layout-horizontal-slider","13":"ast-product-gallery-with-no-image","15":"first","16":"instock","17":"shipping-taxable","18":"product-type-simple"},"uagb_featured_image_src":{"full":["https:\/\/cumbres6000.cl\/wp-content\/uploads\/2024\/03\/Post-3.webp",1080,1350,false],"thumbnail":["https:\/\/cumbres6000.cl\/wp-content\/uploads\/2024\/03\/Post-3-150x150.webp",150,150,true],"medium":["https:\/\/cumbres6000.cl\/wp-content\/uploads\/2024\/03\/Post-3-240x300.webp",240,300,true],"medium_large":["https:\/\/cumbres6000.cl\/wp-content\/uploads\/2024\/03\/Post-3-768x960.webp",768,960,true],"large":["https:\/\/cumbres6000.cl\/wp-content\/uploads\/2024\/03\/Post-3-819x1024.webp",819,1024,true],"1536x1536":["https:\/\/cumbres6000.cl\/wp-content\/uploads\/2024\/03\/Post-3.webp",1080,1350,false],"2048x2048":["https:\/\/cumbres6000.cl\/wp-content\/uploads\/2024\/03\/Post-3.webp",1080,1350,false],"trp-custom-language-flag":["https:\/\/cumbres6000.cl\/wp-content\/uploads\/2024\/03\/Post-3.webp",10,12,false],"woocommerce_thumbnail":["https:\/\/cumbres6000.cl\/wp-content\/uploads\/2024\/03\/Post-3-300x300.webp",300,300,true],"woocommerce_single":["https:\/\/cumbres6000.cl\/wp-content\/uploads\/2024\/03\/Post-3-600x750.webp",600,750,true],"woocommerce_gallery_thumbnail":["https:\/\/cumbres6000.cl\/wp-content\/uploads\/2024\/03\/Post-3-100x100.webp",100,100,true],"dgwt-wcas-product-suggestion":["https:\/\/cumbres6000.cl\/wp-content\/uploads\/2024\/03\/Post-3.webp",64,80,false]},"uagb_author_info":{"display_name":"CumbresAdmin","author_link":"https:\/\/cumbres6000.cl\/pt\/author\/"},"uagb_comment_info":0,"uagb_excerpt":"BASE : 4.600 msnm DATOS : Ropa muy abrigada para soportar el viento y el fr\u00edo, zapatos de trekking, gorro, lentes de sol, guantes, bloqueador solar, agua. INCLUYE : Campamento, comidas, y transportes. Salimos de San Pedro antes del mediod\u00eda, para llegar hasta la base y armar el campamento, caminar un poco en la altura&hellip;","_links":{"self":[{"href":"https:\/\/cumbres6000.cl\/pt\/wp-json\/wp\/v2\/product\/1163","targetHints":{"allow":["GET"]}}],"collection":[{"href":"https:\/\/cumbres6000.cl\/pt\/wp-json\/wp\/v2\/product"}],"about":[{"href":"https:\/\/cumbres6000.cl\/pt\/wp-json\/wp\/v2\/types\/product"}],"replies":[{"embeddable":true,"href":"https:\/\/cumbres6000.cl\/pt\/wp-json\/wp\/v2\/comments?post=1163"}],"wp:featuredmedia":[{"embeddable":true,"href":"https:\/\/cumbres6000.cl\/pt\/wp-json\/wp\/v2\/media\/1165"}],"wp:attachment":[{"href":"https:\/\/cumbres6000.cl\/pt\/wp-json\/wp\/v2\/media?parent=1163"}],"wp:term":[{"taxonomy":"product_brand","embeddable":true,"href":"https:\/\/cumbres6000.cl\/pt\/wp-json\/wp\/v2\/product_brand?post=1163"},{"taxonomy":"product_cat","embeddable":true,"href":"https:\/\/cumbres6000.cl\/pt\/wp-json\/wp\/v2\/product_cat?post=1163"},{"taxonomy":"product_tag","embeddable":true,"href":"https:\/\/cumbres6000.cl\/pt\/wp-json\/wp\/v2\/product_tag?post=1163"}],"curies":[{"name":"wp","href":"https:\/\/api.w.org\/{rel}","templated":true}]}}