{"id":1160,"date":"2024-03-04T15:30:18","date_gmt":"2024-03-04T15:30:18","guid":{"rendered":"https:\/\/pink-ant-555455.hostingersite.com\/?post_type=product&#038;p=1160"},"modified":"2026-02-06T20:44:20","modified_gmt":"2026-02-06T20:44:20","slug":"cerro-toco","status":"publish","type":"product","link":"https:\/\/cumbres6000.cl\/pt\/product\/cerro-toco\/","title":{"rendered":"Cerro Toco 5.606 msnm"},"content":{"rendered":"","protected":false},"excerpt":{"rendered":"<p class=\"translation-block\">BASE: 5.000 metros acima do n\u00edvel do mar<br>\nHOR\u00c1RIO: 8h \u00e0s 15h<br>\nREQUISITOS: Roupas de montanhismo, botas de trekking, chap\u00e9u, \u00f3culos de sol, luvas, protetor solar, \u00e1gua.<br>\nINCLUI REFEI\u00c7\u00d5ES DURANTE A TRILHA<\/p>\n<p>A partida ser\u00e1 do seu hotel, seguindo para leste pela rodovia internacional Paso de Jama por 40 quil\u00f4metros. O percurso leva ao estratovulc\u00e3o Toco, na altura de Hito Caj\u00f3n, entrada da Bol\u00edvia, de onde se tem uma vista panor\u00e2mica do o\u00e1sis de San Pedro de Atacama, da Cordilheira de la Sal, da Cordilheira de Domeiko, do Cerro Kimal e do Salar de Atacama.<\/p>\n<p>M\u00cdNIMO DE 4 PESSOAS<\/p>","protected":false},"featured_media":1161,"comment_status":"open","ping_status":"closed","template":"","meta":{"_uag_custom_page_level_css":"","site-sidebar-layout":"default","site-content-layout":"","ast-site-content-layout":"default","site-content-style":"default","site-sidebar-style":"default","ast-global-header-display":"","ast-banner-title-visibility":"","ast-main-header-display":"","ast-hfb-above-header-display":"","ast-hfb-below-header-display":"","ast-hfb-mobile-header-display":"","site-post-title":"","ast-breadcrumbs-content":"","ast-featured-img":"","footer-sml-layout":"","ast-disable-related-posts":"","theme-transparent-header-meta":"default","adv-header-id-meta":"","stick-header-meta":"default","header-above-stick-meta":"","header-main-stick-meta":"","header-below-stick-meta":"","astra-migrate-meta-layouts":"set","ast-page-background-enabled":"default","ast-page-background-meta":{"desktop":{"background-color":"","background-image":"","background-repeat":"repeat","background-position":"center center","background-size":"auto","background-attachment":"scroll","background-type":"","background-media":"","overlay-type":"","overlay-color":"","overlay-opacity":"","overlay-gradient":""},"tablet":{"background-color":"","background-image":"","background-repeat":"repeat","background-position":"center center","background-size":"auto","background-attachment":"scroll","background-type":"","background-media":"","overlay-type":"","overlay-color":"","overlay-opacity":"","overlay-gradient":""},"mobile":{"background-color":"","background-image":"","background-repeat":"repeat","background-position":"center center","background-size":"auto","background-attachment":"scroll","background-type":"","background-media":"","overlay-type":"","overlay-color":"","overlay-opacity":"","overlay-gradient":""}},"ast-content-background-meta":{"desktop":{"background-color":"var(--ast-global-color-5)","background-image":"","background-repeat":"repeat","background-position":"center center","background-size":"auto","background-attachment":"scroll","background-type":"","background-media":"","overlay-type":"","overlay-color":"","overlay-opacity":"","overlay-gradient":""},"tablet":{"background-color":"var(--ast-global-color-5)","background-image":"","background-repeat":"repeat","background-position":"center center","background-size":"auto","background-attachment":"scroll","background-type":"","background-media":"","overlay-type":"","overlay-color":"","overlay-opacity":"","overlay-gradient":""},"mobile":{"background-color":"var(--ast-global-color-5)","background-image":"","background-repeat":"repeat","background-position":"center center","background-size":"auto","background-attachment":"scroll","background-type":"","background-media":"","overlay-type":"","overlay-color":"","overlay-opacity":"","overlay-gradient":""}},"_joinchat":[]},"product_brand":[],"product_cat":[27,26,49],"product_tag":[],"class_list":{"0":"post-1160","1":"product","2":"type-product","3":"status-publish","4":"has-post-thumbnail","6":"product_cat-montanas","7":"product_cat-tours","8":"product_cat-tours-norte","9":"desktop-align-left","10":"tablet-align-left","11":"mobile-align-left","12":"ast-product-gallery-layout-horizontal-slider","14":"first","15":"instock","16":"shipping-taxable","17":"product-type-simple"},"uagb_featured_image_src":{"full":["https:\/\/cumbres6000.cl\/wp-content\/uploads\/2024\/03\/Post-2-3.webp",1080,1350,false],"thumbnail":["https:\/\/cumbres6000.cl\/wp-content\/uploads\/2024\/03\/Post-2-3-150x150.webp",150,150,true],"medium":["https:\/\/cumbres6000.cl\/wp-content\/uploads\/2024\/03\/Post-2-3-240x300.webp",240,300,true],"medium_large":["https:\/\/cumbres6000.cl\/wp-content\/uploads\/2024\/03\/Post-2-3-768x960.webp",768,960,true],"large":["https:\/\/cumbres6000.cl\/wp-content\/uploads\/2024\/03\/Post-2-3-819x1024.webp",819,1024,true],"1536x1536":["https:\/\/cumbres6000.cl\/wp-content\/uploads\/2024\/03\/Post-2-3.webp",1080,1350,false],"2048x2048":["https:\/\/cumbres6000.cl\/wp-content\/uploads\/2024\/03\/Post-2-3.webp",1080,1350,false],"trp-custom-language-flag":["https:\/\/cumbres6000.cl\/wp-content\/uploads\/2024\/03\/Post-2-3.webp",10,12,false],"woocommerce_thumbnail":["https:\/\/cumbres6000.cl\/wp-content\/uploads\/2024\/03\/Post-2-3-300x300.webp",300,300,true],"woocommerce_single":["https:\/\/cumbres6000.cl\/wp-content\/uploads\/2024\/03\/Post-2-3-600x750.webp",600,750,true],"woocommerce_gallery_thumbnail":["https:\/\/cumbres6000.cl\/wp-content\/uploads\/2024\/03\/Post-2-3-100x100.webp",100,100,true],"dgwt-wcas-product-suggestion":["https:\/\/cumbres6000.cl\/wp-content\/uploads\/2024\/03\/Post-2-3.webp",64,80,false]},"uagb_author_info":{"display_name":"CumbresAdmin","author_link":"https:\/\/cumbres6000.cl\/pt\/author\/"},"uagb_comment_info":0,"uagb_excerpt":"BASE : 5.000 msnm HORARIO : 08:00 hrs. - : 15:00 hrs. DATOS : Ropa de t\u00e9cnica de monta, zapatos de trekking, gorro, lentes de sol, guantes, bloqueador solar, agua. INCLUYE RACION DE MARCHA La salida es desde su hotel dirigi\u00e9ndonos hacia el Este por la ruta internacional Paso de Jama 40 kil\u00f3metros, tomamos la&hellip;","_links":{"self":[{"href":"https:\/\/cumbres6000.cl\/pt\/wp-json\/wp\/v2\/product\/1160","targetHints":{"allow":["GET"]}}],"collection":[{"href":"https:\/\/cumbres6000.cl\/pt\/wp-json\/wp\/v2\/product"}],"about":[{"href":"https:\/\/cumbres6000.cl\/pt\/wp-json\/wp\/v2\/types\/product"}],"replies":[{"embeddable":true,"href":"https:\/\/cumbres6000.cl\/pt\/wp-json\/wp\/v2\/comments?post=1160"}],"wp:featuredmedia":[{"embeddable":true,"href":"https:\/\/cumbres6000.cl\/pt\/wp-json\/wp\/v2\/media\/1161"}],"wp:attachment":[{"href":"https:\/\/cumbres6000.cl\/pt\/wp-json\/wp\/v2\/media?parent=1160"}],"wp:term":[{"taxonomy":"product_brand","embeddable":true,"href":"https:\/\/cumbres6000.cl\/pt\/wp-json\/wp\/v2\/product_brand?post=1160"},{"taxonomy":"product_cat","embeddable":true,"href":"https:\/\/cumbres6000.cl\/pt\/wp-json\/wp\/v2\/product_cat?post=1160"},{"taxonomy":"product_tag","embeddable":true,"href":"https:\/\/cumbres6000.cl\/pt\/wp-json\/wp\/v2\/product_tag?post=1160"}],"curies":[{"name":"wp","href":"https:\/\/api.w.org\/{rel}","templated":true}]}}