{"id":1626,"date":"2024-04-03T20:13:39","date_gmt":"2024-04-03T20:13:39","guid":{"rendered":"https:\/\/pink-ant-555455.hostingersite.com\/?page_id=1626"},"modified":"2024-04-03T20:15:53","modified_gmt":"2024-04-03T20:15:53","slug":"preguntas-frecuentes","status":"publish","type":"page","link":"https:\/\/cumbres6000.cl\/pt\/preguntas-frecuentes\/","title":{"rendered":"Perguntas frequentes"},"content":{"rendered":"<figure class=\"wp-block-image size-large\"><img loading=\"lazy\" decoding=\"async\" width=\"1024\" height=\"678\" src=\"https:\/\/cumbres6000.cl\/wp-content\/uploads\/2024\/03\/MWN_6035k-1024x678.webp\" alt=\"\" class=\"wp-image-1595\" srcset=\"https:\/\/cumbres6000.cl\/wp-content\/uploads\/2024\/03\/MWN_6035k-1024x678.webp 1024w, https:\/\/cumbres6000.cl\/wp-content\/uploads\/2024\/03\/MWN_6035k-300x199.webp 300w, https:\/\/cumbres6000.cl\/wp-content\/uploads\/2024\/03\/MWN_6035k-768x509.webp 768w, https:\/\/cumbres6000.cl\/wp-content\/uploads\/2024\/03\/MWN_6035k-1536x1017.webp 1536w, https:\/\/cumbres6000.cl\/wp-content\/uploads\/2024\/03\/MWN_6035k-2048x1356.webp 2048w, https:\/\/cumbres6000.cl\/wp-content\/uploads\/2024\/03\/MWN_6035k-600x397.webp 600w\" sizes=\"auto, (max-width: 1024px) 100vw, 1024px\" \/><\/figure>\n\n\n\n<p class=\"has-medium-font-size\"><strong>Quiero contratar?<\/strong><\/p>\n\n\n\n<p>Excelente, d\u00e9janos un mensaje v\u00eda WhatsApp y coordinaremos el viaje de tu vida o puedes hacerlo directamente desde nuestra p\u00e1gina.<\/p>\n\n\n\n<p class=\"has-medium-font-size\"><strong>Como veo disponibilidad?<\/strong><\/p>\n\n\n\n<p>La forma mas f\u00e1cil y r\u00e1pida es hablar con uno de nuestros ejecutivos al WhatsApp.<\/p>\n\n\n\n<p class=\"has-medium-font-size\"><strong>\u00bfEl valor incluye las entradas a los parques?<\/strong><\/p>\n\n\n\n<p>No, los valores referidos en nuestra p\u00e1gina no incluyen los boletos de entrada a los parques ya que cada uno tiene sistemas diferentes para la compra y aplican descuentos especiales a ciertos grupos etarios.<br>Los valores adicionales mencionados en la p\u00e1gina corresponden a las entradas generales. Una vez realices tu compra y tengamos la informaci\u00f3n de tu reserva, te contactaremos para informarte si aplicas a alg\u00fan descuento por ser menor de edad, estudiante o adulto mayor.<\/p>\n\n\n\n<p class=\"has-medium-font-size\"><strong>Problemas con tus compras?<\/strong><\/p>\n\n\n\n<p>D\u00e9janos un mensaje y lo solucionaremos de inmediato al +56 9 4924 3371<\/p>\n\n\n\n<p class=\"has-medium-font-size\"><strong>\u00bfQu\u00e9 tipo de ropa debo llevar a San Pedro?<\/strong><\/p>\n\n\n\n<p>Si bien las temperaturas var\u00edan durante el a\u00f1o seg\u00fan la estaci\u00f3n, es importante llevar ropa invernal incluso durante el verano si tu intenci\u00f3n es visitar lugares como el g\u00e9iser del Tatio o piedras rojas, ya que las temperaturas pueden alcanzar los 0\u00b0C en estas zonas. Tambi\u00e9n en las noches cuando se realiza el tour astron\u00f3mico pues son zonas abiertas y con corrientes de viento.<\/p>\n\n\n\n<p class=\"has-medium-font-size\"><strong>\u00bfCon cu\u00e1nto tiempo de anticipaci\u00f3n debo reservar mis tours?<\/strong><\/p>\n\n\n\n<p>Las actividades pueden ser reservadas hasta con 24hs de anticipaci\u00f3n siempre que haya disponibilidad. Para fechas especiales, como fines de semana feriados, vacaciones de invierno y toda la temporada de verano, se recomienda reservan con mayor tiempo previo a tu visita ya que el ingreso a los parques es limitado y tiene aforo para cada d\u00eda.<\/p>\n\n\n\n<p class=\"has-medium-font-size\"><strong>\u00bfCu\u00e1nto tiempo tengo para cancelar mi reserva?<\/strong><\/p>\n\n\n\n<p>Para cancelar tu reserva debes comunicarte a trav\u00e9s de WhatsApp para una atenci\u00f3n m\u00e1s r\u00e1pida. Puedes cancelar (con confirmaci\u00f3n) hasta 4hrs antes del inicio de la actividad si es un tour en la tarde o 4hrs antes del cierre de oficina (21:00) para tours matutinos y optar por un reembolso del 80% del valor pagado.<br>Despu\u00e9s de la hora se\u00f1alada no habr\u00e1 devoluciones, reembolsos, ni cambios de fecha.<\/p>\n\n\n\n<figure class=\"wp-block-image size-large\"><img loading=\"lazy\" decoding=\"async\" width=\"1024\" height=\"768\" src=\"https:\/\/cumbres6000.cl\/wp-content\/uploads\/2024\/03\/20160813_1215321-1024x768.webp\" alt=\"\" class=\"wp-image-1584\" srcset=\"https:\/\/cumbres6000.cl\/wp-content\/uploads\/2024\/03\/20160813_1215321-1024x768.webp 1024w, https:\/\/cumbres6000.cl\/wp-content\/uploads\/2024\/03\/20160813_1215321-300x225.webp 300w, https:\/\/cumbres6000.cl\/wp-content\/uploads\/2024\/03\/20160813_1215321-768x576.webp 768w, https:\/\/cumbres6000.cl\/wp-content\/uploads\/2024\/03\/20160813_1215321-1536x1152.webp 1536w, https:\/\/cumbres6000.cl\/wp-content\/uploads\/2024\/03\/20160813_1215321-2048x1536.webp 2048w, https:\/\/cumbres6000.cl\/wp-content\/uploads\/2024\/03\/20160813_1215321-600x450.webp 600w\" sizes=\"auto, (max-width: 1024px) 100vw, 1024px\" \/><\/figure>","protected":false},"excerpt":{"rendered":"<p>Quiero contratar? Excelente, d\u00e9janos un mensaje v\u00eda WhatsApp y coordinaremos el viaje de tu vida o puedes hacerlo directamente desde nuestra p\u00e1gina. Como veo disponibilidad? La forma mas f\u00e1cil y r\u00e1pida es hablar con uno de nuestros ejecutivos al WhatsApp. \u00bfEl valor incluye las entradas a los parques? No, los valores referidos en nuestra p\u00e1gina [&hellip;]<\/p>\n","protected":false},"author":1,"featured_media":0,"parent":0,"menu_order":0,"comment_status":"closed","ping_status":"closed","template":"","meta":{"_uag_custom_page_level_css":"","site-sidebar-layout":"default","site-content-layout":"","ast-site-content-layout":"default","site-content-style":"default","site-sidebar-style":"default","ast-global-header-display":"","ast-banner-title-visibility":"","ast-main-header-display":"","ast-hfb-above-header-display":"","ast-hfb-below-header-display":"","ast-hfb-mobile-header-display":"","site-post-title":"","ast-breadcrumbs-content":"","ast-featured-img":"","footer-sml-layout":"","ast-disable-related-posts":"","theme-transparent-header-meta":"","adv-header-id-meta":"","stick-header-meta":"","header-above-stick-meta":"","header-main-stick-meta":"","header-below-stick-meta":"","astra-migrate-meta-layouts":"set","ast-page-background-enabled":"default","ast-page-background-meta":{"desktop":{"background-color":"","background-image":"","background-repeat":"repeat","background-position":"center center","background-size":"auto","background-attachment":"scroll","background-type":"","background-media":"","overlay-type":"","overlay-color":"","overlay-opacity":"","overlay-gradient":""},"tablet":{"background-color":"","background-image":"","background-repeat":"repeat","background-position":"center center","background-size":"auto","background-attachment":"scroll","background-type":"","background-media":"","overlay-type":"","overlay-color":"","overlay-opacity":"","overlay-gradient":""},"mobile":{"background-color":"","background-image":"","background-repeat":"repeat","background-position":"center center","background-size":"auto","background-attachment":"scroll","background-type":"","background-media":"","overlay-type":"","overlay-color":"","overlay-opacity":"","overlay-gradient":""}},"ast-content-background-meta":{"desktop":{"background-color":"var(--ast-global-color-5)","background-image":"","background-repeat":"repeat","background-position":"center center","background-size":"auto","background-attachment":"scroll","background-type":"","background-media":"","overlay-type":"","overlay-color":"","overlay-opacity":"","overlay-gradient":""},"tablet":{"background-color":"var(--ast-global-color-5)","background-image":"","background-repeat":"repeat","background-position":"center center","background-size":"auto","background-attachment":"scroll","background-type":"","background-media":"","overlay-type":"","overlay-color":"","overlay-opacity":"","overlay-gradient":""},"mobile":{"background-color":"var(--ast-global-color-5)","background-image":"","background-repeat":"repeat","background-position":"center center","background-size":"auto","background-attachment":"scroll","background-type":"","background-media":"","overlay-type":"","overlay-color":"","overlay-opacity":"","overlay-gradient":""}},"_joinchat":[],"footnotes":""},"class_list":["post-1626","page","type-page","status-publish","hentry"],"_hostinger_reach_plugin_has_subscription_block":false,"_hostinger_reach_plugin_is_elementor":false,"uagb_featured_image_src":{"full":false,"thumbnail":false,"medium":false,"medium_large":false,"large":false,"1536x1536":false,"2048x2048":false,"trp-custom-language-flag":false,"woocommerce_thumbnail":false,"woocommerce_single":false,"woocommerce_gallery_thumbnail":false,"dgwt-wcas-product-suggestion":false},"uagb_author_info":{"display_name":"CumbresAdmin","author_link":"https:\/\/cumbres6000.cl\/pt\/author\/cumbresadmin\/"},"uagb_comment_info":0,"uagb_excerpt":"Quiero contratar? Excelente, d\u00e9janos un mensaje v\u00eda WhatsApp y coordinaremos el viaje de tu vida o puedes hacerlo directamente desde nuestra p\u00e1gina. Como veo disponibilidad? La forma mas f\u00e1cil y r\u00e1pida es hablar con uno de nuestros ejecutivos al WhatsApp. \u00bfEl valor incluye las entradas a los parques? No, los valores referidos en nuestra p\u00e1gina&hellip;","_links":{"self":[{"href":"https:\/\/cumbres6000.cl\/pt\/wp-json\/wp\/v2\/pages\/1626","targetHints":{"allow":["GET"]}}],"collection":[{"href":"https:\/\/cumbres6000.cl\/pt\/wp-json\/wp\/v2\/pages"}],"about":[{"href":"https:\/\/cumbres6000.cl\/pt\/wp-json\/wp\/v2\/types\/page"}],"author":[{"embeddable":true,"href":"https:\/\/cumbres6000.cl\/pt\/wp-json\/wp\/v2\/users\/1"}],"replies":[{"embeddable":true,"href":"https:\/\/cumbres6000.cl\/pt\/wp-json\/wp\/v2\/comments?post=1626"}],"version-history":[{"count":4,"href":"https:\/\/cumbres6000.cl\/pt\/wp-json\/wp\/v2\/pages\/1626\/revisions"}],"predecessor-version":[{"id":1630,"href":"https:\/\/cumbres6000.cl\/pt\/wp-json\/wp\/v2\/pages\/1626\/revisions\/1630"}],"wp:attachment":[{"href":"https:\/\/cumbres6000.cl\/pt\/wp-json\/wp\/v2\/media?parent=1626"}],"curies":[{"name":"wp","href":"https:\/\/api.w.org\/{rel}","templated":true}]}}