{"id":119,"date":"2020-08-20T10:02:41","date_gmt":"2020-08-20T10:02:41","guid":{"rendered":"https:\/\/pink-ant-555455.hostingersite.com\/about-us\/"},"modified":"2024-04-19T22:37:41","modified_gmt":"2024-04-19T22:37:41","slug":"nosotros","status":"publish","type":"page","link":"https:\/\/cumbres6000.cl\/pt\/nosotros\/","title":{"rendered":"N\u00f3s"},"content":{"rendered":"<div class=\"wp-block-uagb-container uagb-block-c83c7f3f alignfull uagb-is-root-container\"><div class=\"uagb-container-inner-blocks-wrap\">\n<div class=\"wp-block-uagb-advanced-heading uagb-block-7ce29fef\"><h1 class=\"uagb-heading-text\">N\u00f3s<\/h1><\/div>\n<\/div><\/div>\n\n\n\n<div class=\"wp-block-uagb-container uagb-block-f9b6823f alignfull uagb-is-root-container\"><div class=\"uagb-container-inner-blocks-wrap\">\n<div class=\"wp-block-uagb-container uagb-block-c945d0d0\">\n<div class=\"wp-block-uagb-advanced-heading uagb-block-f14391ff\"><h3 class=\"uagb-heading-text translation-block\">Somos uma operadora de turismo de aventura desde 2007,  <br>portanto temos anos de  <br>experi\u00eancia em San Pedro  <br>de <mark class=\"has-inline-color has-ast-global-color-1-color\">Atacama<\/mark>.<\/h3><\/div>\n<\/div>\n\n\n\n<div class=\"wp-block-uagb-container uagb-block-7baf65e8\">\n<p>Atendemos a todos os tipos de atividades tur\u00edsticas, incluindo viagens de estudo, turismo tradicional e n\u00e3o tradicional. No entanto, somos especializados em trekking, montanhismo e expedi\u00e7\u00f5es de um ou mais dias, que oferecem a oportunidade de acampar no local.<\/p>\n\n\n\n<p class=\"translation-block\"><strong>Criamos pacotes tur\u00edsticos personalizados.<br>Convidamos voc\u00ea a conhecer nossas atividades e a se informar sobre programas especiais.<\/strong><\/p>\n\n\n\n<div class=\"wp-block-uagb-buttons uagb-buttons__outer-wrap uagb-btn__default-btn uagb-btn-tablet__default-btn uagb-btn-mobile__default-btn uagb-block-585ceff5\"><div class=\"uagb-buttons__wrap uagb-buttons-layout-wrap\">\n<div class=\"wp-block-uagb-buttons-child uagb-buttons__outer-wrap uagb-block-2825b0e9 wp-block-button is-style-outline\"><div class=\"uagb-button__wrapper\"><a class=\"uagb-buttons-repeater wp-block-button__link\" aria-label=\"\" href=\"https:\/\/wa.me\/+56976861359\" rel=\"follow noopener\" target=\"_blank\"><div class=\"uagb-button__link\">Contate-nos<\/div><span class=\"uagb-button__icon uagb-button__icon-position-after\"><svg xmlns=\"https:\/\/www.w3.org\/2000\/svg\" viewbox=\"0 0 448 512\" aria-hidden=\"true\" focussable=\"false\"><path d=\"M438.6 278.6l-160 160C272.4 444.9 264.2 448 256 448s-16.38-3.125-22.62-9.375c-12.5-12.5-12.5-32.75 0-45.25L338.8 288H32C14.33 288 .0016 273.7 .0016 256S14.33 224 32 224h306.8l-105.4-105.4c-12.5-12.5-12.5-32.75 0-45.25s32.75-12.5 45.25 0l160 160C451.1 245.9 451.1 266.1 438.6 278.6z\"><\/path><\/svg><\/span><\/a><\/div><\/div>\n<\/div><\/div>\n<\/div>\n<\/div><\/div>\n\n\n\n<div class=\"wp-block-uagb-container uagb-block-9838c905 alignfull uagb-is-root-container\"><div class=\"uagb-container-inner-blocks-wrap\">\n<div class=\"wp-block-uagb-advanced-heading uagb-block-899619b6\"><h2 class=\"uagb-heading-text translation-block\">Passeios Privados, Trekking, Escalada de  <mark class=\"has-inline-color has-ast-global-color-1-color\">Montanhas<\/mark>  e Viagens de Estudo.<\/h2><p class=\"uagb-desc-text\">Oferecemos um servi\u00e7o excelente a alpinistas profissionais e a pessoas que desejam desfrutar de uma aventura no deserto mais seco do planeta.<\/p><\/div>\n\n\n\n<div class=\"wp-block-uagb-image aligncenter uagb-block-f49f13f1 wp-block-uagb-image--layout-default wp-block-uagb-image--effect-static wp-block-uagb-image--align-center\"><figure class=\"wp-block-uagb-image__figure\"><img decoding=\"async\" srcset=\"https:\/\/cumbres6000.cl\/wp-content\/uploads\/2024\/02\/4-1-1024x576.webp ,https:\/\/cumbres6000.cl\/wp-content\/uploads\/2024\/02\/4-1.webp 780w, https:\/\/cumbres6000.cl\/wp-content\/uploads\/2024\/02\/4-1.webp 360w\" sizes=\"auto, (max-width: 480px) 150px\" src=\"https:\/\/cumbres6000.cl\/wp-content\/uploads\/2024\/02\/4-1-1024x576.webp\" alt=\"\" class=\"uag-image-1063\" width=\"1133\" height=\"576\" title=\"Licancabur\" loading=\"lazy\" role=\"img\"\/><\/figure><\/div>\n\n\n\n<div class=\"wp-block-uagb-container uagb-block-719d324d\">\n<div class=\"wp-block-uagb-container uagb-block-249cfd09\">\n<div class=\"wp-block-uagb-advanced-heading uagb-block-49080780\"><p class=\"uagb-heading-text translation-block\">San Pedro de Atacama \u00e9 mais do que um destino; \u00e9 a promessa de aventuras incompar\u00e1veis, paisagens de tirar o f\u00f4lego e momentos que ficar\u00e3o gravados na sua mem\u00f3ria. De caminhadas sob c\u00e9us estrelados a passeios que desafiam os seus sentidos, cada passo neste canto do mundo \u00e9 um convite ao desconhecido.<\/p><\/div>\n\n\n\n<p class=\"has-medium-font-size\"><strong>Preparado para a verdadeira aventura da sua vida?<\/strong><\/p>\n\n\n\n<p>Somos a equipe de guias que voc\u00ea procura. Com mais de 15 anos de experi\u00eancia, somos uma renomada operadora de turismo de aventura no cora\u00e7\u00e3o de San Pedro de Atacama. <\/p>\n<\/div>\n\n\n\n<div class=\"wp-block-uagb-container uagb-block-d087af80\">\n<div class=\"wp-block-uagb-advanced-heading uagb-block-67da4369\"><p class=\"uagb-heading-text\">Desde viagens de estudo a percursos tradicionais e n\u00e3o tradicionais, dedicamo-nos a levar a explora\u00e7\u00e3o a um novo patamar. No entanto, a nossa verdadeira paix\u00e3o reside nas montanhas.<br><br>Torne-se um explorador e mergulhe na nossa especialidade: Expedi\u00e7\u00f5es de Trekking. Estas aventuras, que podem durar de um dia a v\u00e1rios meses, oferecem a oportunidade \u00fanica de acampar nas paisagens mais deslumbrantes que o deserto tem para oferecer.<br><br>Ent\u00e3o, est\u00e1 pronto para deixar suas pegadas na areia e colecionar mem\u00f3rias inesquec\u00edveis sob as estrelas? Junte-se a n\u00f3s nesta aventura, porque em San Pedro de Atacama, cada caminho leva a uma hist\u00f3ria incr\u00edvel.<\/p><\/div>\n<\/div>\n<\/div>\n<\/div><\/div>\n\n\n\n<div class=\"wp-block-uagb-container uagb-block-cdc01068 alignfull uagb-is-root-container\"><div class=\"uagb-container-inner-blocks-wrap\">\n<div class=\"wp-block-uagb-container uagb-block-3df78362\">\n<div class=\"wp-block-uagb-info-box uagb-block-e91c5027 uagb-infobox__content-wrap  uagb-infobox-icon-above-title uagb-infobox-image-valign-top\"><div class=\"uagb-ifb-content\"><div class=\"uagb-ifb-title-wrap\"><h2 class=\"uagb-ifb-title translation-block\">Interessado? <br>Confira nossa loja completa e aproveite!<\/h2><\/div><p class=\"uagb-ifb-desc\">O Cumbres 6000 est\u00e1 preparado para lhe oferecer o melhor que San Pedro de Atacama tem para oferecer.<\/p><div class=\"uagb-ifb-button-wrapper wp-block-button\"><a href=\"https:\/\/pink-ant-555455.hostingersite.com\/tienda\/\" class=\"uagb-infobox-cta-link wp-block-button__link\" target=\"_self\" rel=\"noopener noreferrer\" onclick=\"return true;\" alt=\"\"><span class=\"uagb-inline-editing\">VER LOJA<\/span><\/a><\/div><\/div><\/div>\n<\/div>\n<\/div><\/div>","protected":false},"excerpt":{"rendered":"<p>Nosotros Somos una empresa Operadora de Turismo Aventura desde el 2007 por lo que tenemos a\u00f1os de experiencia en San Pedro de Atacama. Nos dedicamos a todas las actividades Tur\u00edsticas como: Giras de Estudios, Turismo tradicionales y no Tradicionales. Sin embargo, nos especializamos en Trekking, de Monta\u00f1a y expediciones de 1 o m\u00e1s d\u00edas, las [&hellip;]<\/p>\n","protected":false},"author":1,"featured_media":0,"parent":0,"menu_order":0,"comment_status":"closed","ping_status":"closed","template":"","meta":{"_uag_custom_page_level_css":"","site-sidebar-layout":"default","site-content-layout":"plain-container","ast-site-content-layout":"normal-width-container","site-content-style":"unboxed","site-sidebar-style":"unboxed","ast-global-header-display":"","ast-banner-title-visibility":"","ast-main-header-display":"","ast-hfb-above-header-display":"","ast-hfb-below-header-display":"","ast-hfb-mobile-header-display":"","site-post-title":"disabled","ast-breadcrumbs-content":"","ast-featured-img":"disabled","footer-sml-layout":"","ast-disable-related-posts":"","theme-transparent-header-meta":"enabled","adv-header-id-meta":"","stick-header-meta":"","header-above-stick-meta":"","header-main-stick-meta":"","header-below-stick-meta":"","astra-migrate-meta-layouts":"set","ast-page-background-enabled":"default","ast-page-background-meta":{"desktop":{"background-color":"","background-image":"","background-repeat":"repeat","background-position":"center center","background-size":"auto","background-attachment":"scroll","background-type":"","background-media":"","overlay-type":"","overlay-color":"","overlay-opacity":"","overlay-gradient":""},"tablet":{"background-color":"","background-image":"","background-repeat":"repeat","background-position":"center center","background-size":"auto","background-attachment":"scroll","background-type":"","background-media":"","overlay-type":"","overlay-color":"","overlay-opacity":"","overlay-gradient":""},"mobile":{"background-color":"","background-image":"","background-repeat":"repeat","background-position":"center center","background-size":"auto","background-attachment":"scroll","background-type":"","background-media":"","overlay-type":"","overlay-color":"","overlay-opacity":"","overlay-gradient":""}},"ast-content-background-meta":{"desktop":{"background-color":"var(--ast-global-color-5)","background-image":"","background-repeat":"repeat","background-position":"center center","background-size":"auto","background-attachment":"scroll","background-type":"","background-media":"","overlay-type":"","overlay-color":"","overlay-opacity":"","overlay-gradient":""},"tablet":{"background-color":"var(--ast-global-color-5)","background-image":"","background-repeat":"repeat","background-position":"center center","background-size":"auto","background-attachment":"scroll","background-type":"","background-media":"","overlay-type":"","overlay-color":"","overlay-opacity":"","overlay-gradient":""},"mobile":{"background-color":"var(--ast-global-color-5)","background-image":"","background-repeat":"repeat","background-position":"center center","background-size":"auto","background-attachment":"scroll","background-type":"","background-media":"","overlay-type":"","overlay-color":"","overlay-opacity":"","overlay-gradient":""}},"_joinchat":[],"footnotes":""},"class_list":["post-119","page","type-page","status-publish","hentry"],"uagb_featured_image_src":{"full":false,"thumbnail":false,"medium":false,"medium_large":false,"large":false,"1536x1536":false,"2048x2048":false,"trp-custom-language-flag":false,"woocommerce_thumbnail":false,"woocommerce_single":false,"woocommerce_gallery_thumbnail":false,"dgwt-wcas-product-suggestion":false},"uagb_author_info":{"display_name":"CumbresAdmin","author_link":"https:\/\/cumbres6000.cl\/pt\/author\/cumbresadmin\/"},"uagb_comment_info":0,"uagb_excerpt":"Nosotros Somos una empresa Operadora de Turismo Aventura desde el 2007 por lo que tenemos a\u00f1os de experiencia en San Pedro de Atacama. Nos dedicamos a todas las actividades Tur\u00edsticas como: Giras de Estudios, Turismo tradicionales y no Tradicionales. Sin embargo, nos especializamos en Trekking, de Monta\u00f1a y expediciones de 1 o m\u00e1s d\u00edas, las&hellip;","_links":{"self":[{"href":"https:\/\/cumbres6000.cl\/pt\/wp-json\/wp\/v2\/pages\/119","targetHints":{"allow":["GET"]}}],"collection":[{"href":"https:\/\/cumbres6000.cl\/pt\/wp-json\/wp\/v2\/pages"}],"about":[{"href":"https:\/\/cumbres6000.cl\/pt\/wp-json\/wp\/v2\/types\/page"}],"author":[{"embeddable":true,"href":"https:\/\/cumbres6000.cl\/pt\/wp-json\/wp\/v2\/users\/1"}],"replies":[{"embeddable":true,"href":"https:\/\/cumbres6000.cl\/pt\/wp-json\/wp\/v2\/comments?post=119"}],"version-history":[{"count":12,"href":"https:\/\/cumbres6000.cl\/pt\/wp-json\/wp\/v2\/pages\/119\/revisions"}],"predecessor-version":[{"id":1700,"href":"https:\/\/cumbres6000.cl\/pt\/wp-json\/wp\/v2\/pages\/119\/revisions\/1700"}],"wp:attachment":[{"href":"https:\/\/cumbres6000.cl\/pt\/wp-json\/wp\/v2\/media?parent=119"}],"curies":[{"name":"wp","href":"https:\/\/api.w.org\/{rel}","templated":true}]}}