{"id":1283,"date":"2024-03-07T14:15:41","date_gmt":"2024-03-07T14:15:41","guid":{"rendered":"https:\/\/pink-ant-555455.hostingersite.com\/?post_type=product&#038;p=1283"},"modified":"2025-02-18T19:31:29","modified_gmt":"2025-02-18T19:31:29","slug":"salar-de-uyuni-4-dias-3-noches","status":"publish","type":"product","link":"https:\/\/cumbres6000.cl\/en\/product\/salar-de-uyuni-4-dias-3-noches\/","title":{"rendered":"Salar de Uyuni 4 D\u00edas \/ 3 Noches"},"content":{"rendered":"","protected":false},"excerpt":{"rendered":"<p><strong>INCLUDES:<\/strong><\/p>\n<p class=\"translation-block\"><strong>Transportation:<\/strong> from San Pedro de Atacama to Uyuni.<br>\n<strong>Guide:<\/strong> Spanish-speaking driver\/guide.<br>\n<strong>Accommodation along the route:<\/strong><br>\n<strong>First night:<\/strong><br>\nBasic hostel \/ Shared rooms \/ Shared bathroom (Villamar Village).<br>\n<strong>Second night:<\/strong><br>\nSalt Hostel \/ Double rooms \/ Shared bathroom<br>\n<strong>Third night:<\/strong><br>\nBasic hostel \/ Shared rooms \/ Shared bathroom (Villamar Village)<br>\n<strong>Meals:<\/strong> 4 breakfasts, 3 lunches, and 3 dinners<\/p>\n<p><a id=\"botonItinerario\" href=\"https:\/\/pink-ant-555455.hostingersite.com\/salar-de-uyuni-4-dias\/\">View Itinerary<\/a><\/p>","protected":false},"featured_media":1284,"comment_status":"open","ping_status":"closed","template":"","meta":{"_uag_custom_page_level_css":"","site-sidebar-layout":"default","site-content-layout":"","ast-site-content-layout":"default","site-content-style":"default","site-sidebar-style":"default","ast-global-header-display":"","ast-banner-title-visibility":"","ast-main-header-display":"","ast-hfb-above-header-display":"","ast-hfb-below-header-display":"","ast-hfb-mobile-header-display":"","site-post-title":"","ast-breadcrumbs-content":"","ast-featured-img":"","footer-sml-layout":"","ast-disable-related-posts":"","theme-transparent-header-meta":"default","adv-header-id-meta":"","stick-header-meta":"default","header-above-stick-meta":"","header-main-stick-meta":"","header-below-stick-meta":"","astra-migrate-meta-layouts":"set","ast-page-background-enabled":"default","ast-page-background-meta":{"desktop":{"background-color":"","background-image":"","background-repeat":"repeat","background-position":"center center","background-size":"auto","background-attachment":"scroll","background-type":"","background-media":"","overlay-type":"","overlay-color":"","overlay-opacity":"","overlay-gradient":""},"tablet":{"background-color":"","background-image":"","background-repeat":"repeat","background-position":"center center","background-size":"auto","background-attachment":"scroll","background-type":"","background-media":"","overlay-type":"","overlay-color":"","overlay-opacity":"","overlay-gradient":""},"mobile":{"background-color":"","background-image":"","background-repeat":"repeat","background-position":"center center","background-size":"auto","background-attachment":"scroll","background-type":"","background-media":"","overlay-type":"","overlay-color":"","overlay-opacity":"","overlay-gradient":""}},"ast-content-background-meta":{"desktop":{"background-color":"var(--ast-global-color-5)","background-image":"","background-repeat":"repeat","background-position":"center center","background-size":"auto","background-attachment":"scroll","background-type":"","background-media":"","overlay-type":"","overlay-color":"","overlay-opacity":"","overlay-gradient":""},"tablet":{"background-color":"var(--ast-global-color-5)","background-image":"","background-repeat":"repeat","background-position":"center center","background-size":"auto","background-attachment":"scroll","background-type":"","background-media":"","overlay-type":"","overlay-color":"","overlay-opacity":"","overlay-gradient":""},"mobile":{"background-color":"var(--ast-global-color-5)","background-image":"","background-repeat":"repeat","background-position":"center center","background-size":"auto","background-attachment":"scroll","background-type":"","background-media":"","overlay-type":"","overlay-color":"","overlay-opacity":"","overlay-gradient":""}},"_joinchat":[]},"product_brand":[],"product_cat":[29,26],"product_tag":[],"class_list":{"0":"post-1283","1":"product","2":"type-product","3":"status-publish","4":"has-post-thumbnail","6":"product_cat-salar-de-uyuni","7":"product_cat-tours","8":"desktop-align-left","9":"tablet-align-left","10":"mobile-align-left","11":"ast-product-gallery-layout-horizontal-slider","12":"ast-product-gallery-with-no-image","14":"first","15":"instock","16":"virtual","17":"product-type-simple"},"uagb_featured_image_src":{"full":["https:\/\/cumbres6000.cl\/wp-content\/uploads\/2024\/03\/12-1.png",1080,1350,false],"thumbnail":["https:\/\/cumbres6000.cl\/wp-content\/uploads\/2024\/03\/12-1-150x150.png",150,150,true],"medium":["https:\/\/cumbres6000.cl\/wp-content\/uploads\/2024\/03\/12-1-240x300.png",240,300,true],"medium_large":["https:\/\/cumbres6000.cl\/wp-content\/uploads\/2024\/03\/12-1-768x960.png",768,960,true],"large":["https:\/\/cumbres6000.cl\/wp-content\/uploads\/2024\/03\/12-1-819x1024.png",819,1024,true],"1536x1536":["https:\/\/cumbres6000.cl\/wp-content\/uploads\/2024\/03\/12-1.png",1080,1350,false],"2048x2048":["https:\/\/cumbres6000.cl\/wp-content\/uploads\/2024\/03\/12-1.png",1080,1350,false],"trp-custom-language-flag":["https:\/\/cumbres6000.cl\/wp-content\/uploads\/2024\/03\/12-1.png",10,12,false],"woocommerce_thumbnail":["https:\/\/cumbres6000.cl\/wp-content\/uploads\/2024\/03\/12-1-300x300.png",300,300,true],"woocommerce_single":["https:\/\/cumbres6000.cl\/wp-content\/uploads\/2024\/03\/12-1-600x750.png",600,750,true],"woocommerce_gallery_thumbnail":["https:\/\/cumbres6000.cl\/wp-content\/uploads\/2024\/03\/12-1-100x100.png",100,100,true],"dgwt-wcas-product-suggestion":["https:\/\/cumbres6000.cl\/wp-content\/uploads\/2024\/03\/12-1.png",64,80,false]},"uagb_author_info":{"display_name":"CumbresAdmin","author_link":"https:\/\/cumbres6000.cl\/en\/author\/"},"uagb_comment_info":0,"uagb_excerpt":"INCLUYE: Transporte:\u00a0desde San Pedro de Atacama a Uyuni. Gu\u00eda: Chofer gu\u00eda en espa\u00f1ol. Hospedajes en ruta: Primera noche: Hostal b\u00e1sico \/ Habitaciones compartidas \/ ba\u00f1o compartido (Pueblo de Villamar). Segunda noche: Hostal de Sal Habitaciones dobles ba\u00f1o \/compartido Tercera noche: Hostal b\u00e1sico \/ Habitaciones compartidas \/ ba\u00f1o compartido (Pueblo de Villamar) Comidas:\u00a04 desayunos, 3 almuerzos&hellip;","_links":{"self":[{"href":"https:\/\/cumbres6000.cl\/en\/wp-json\/wp\/v2\/product\/1283","targetHints":{"allow":["GET"]}}],"collection":[{"href":"https:\/\/cumbres6000.cl\/en\/wp-json\/wp\/v2\/product"}],"about":[{"href":"https:\/\/cumbres6000.cl\/en\/wp-json\/wp\/v2\/types\/product"}],"replies":[{"embeddable":true,"href":"https:\/\/cumbres6000.cl\/en\/wp-json\/wp\/v2\/comments?post=1283"}],"wp:featuredmedia":[{"embeddable":true,"href":"https:\/\/cumbres6000.cl\/en\/wp-json\/wp\/v2\/media\/1284"}],"wp:attachment":[{"href":"https:\/\/cumbres6000.cl\/en\/wp-json\/wp\/v2\/media?parent=1283"}],"wp:term":[{"taxonomy":"product_brand","embeddable":true,"href":"https:\/\/cumbres6000.cl\/en\/wp-json\/wp\/v2\/product_brand?post=1283"},{"taxonomy":"product_cat","embeddable":true,"href":"https:\/\/cumbres6000.cl\/en\/wp-json\/wp\/v2\/product_cat?post=1283"},{"taxonomy":"product_tag","embeddable":true,"href":"https:\/\/cumbres6000.cl\/en\/wp-json\/wp\/v2\/product_tag?post=1283"}],"curies":[{"name":"wp","href":"https:\/\/api.w.org\/{rel}","templated":true}]}}